{"id":8179,"date":"2021-09-12T06:54:47","date_gmt":"2021-09-12T06:54:47","guid":{"rendered":"https:\/\/new.spitalturda.ro\/?page_id=8179"},"modified":"2026-02-24T11:25:07","modified_gmt":"2026-02-24T11:25:07","slug":"etica-si-integritate","status":"publish","type":"page","link":"https:\/\/spitalturda.ro\/index.php\/etica-si-integritate\/","title":{"rendered":"Etica \u0219i integritate"},"content":{"rendered":"<div class=\"wpb-content-wrapper\"><p>[vc_row][vc_column][vc_tta_accordion style=&#8221;flat&#8221; c_icon=&#8221;triangle&#8221; active_section=&#8221;1&#8243; collapsible_all=&#8221;true&#8221;][vc_tta_section title=&#8221;Consiliul Etic &#8211; Spitalul Municipal Turda&#8221; tab_id=&#8221;1751226112974-c7ac78f9-8264&#8243;][vc_column_text css=&#8221;&#8221;]<\/p>\n<h4><span style=\"font-weight: normal;\">Presedinte: dr Fogas Gabriela<\/span><\/h4>\n<div>\n<div dir=\"ltr\" data-setdir=\"false\">Membrii: dr Bogdan Gheorghe Dumitru<\/div>\n<div dir=\"ltr\" data-setdir=\"false\">\u00a0\u00a0\u00a0\u00a0\u00a0\u00a0\u00a0\u00a0\u00a0\u00a0\u00a0\u00a0\u00a0 \u00a0 dr. Mitroi Cristina<\/div>\n<div dir=\"ltr\" data-setdir=\"false\">\u00a0\u00a0\u00a0\u00a0\u00a0\u00a0\u00a0\u00a0\u00a0\u00a0\u00a0\u00a0\u00a0 \u00a0 dr. Totu Liliana<\/div>\n<div dir=\"ltr\" data-setdir=\"false\">\u00a0\u00a0\u00a0\u00a0\u00a0\u00a0\u00a0\u00a0\u00a0\u00a0\u00a0\u00a0\u00a0 \u00a0 as. Chiorean Corina<\/div>\n<div dir=\"ltr\" data-setdir=\"false\">\u00a0\u00a0\u00a0\u00a0\u00a0\u00a0\u00a0\u00a0\u00a0\u00a0\u00a0\u00a0\u00a0 \u00a0 as. Fodor Lorant Balasz<\/div>\n<div dir=\"ltr\" data-setdir=\"false\">Reprezentant al Asociatiilor de Pacienti Jr. Marginean Stelian Ioan<\/div>\n<div dir=\"ltr\" data-setdir=\"false\">Consilier: Sas Ioan Sergiu<br \/>\nSecretar: Lup Gabriela<\/div>\n<\/div>\n<p>&nbsp;<\/p>\n<div><\/div>\n<div><strong>PROGRAMUL \u0218EDIN\u021aELOR CONSILIULUI DE ETIC\u0102<\/strong><br \/>\n\u0218edin\u021bele se vor \u021bine lunar, \u00een prima zi de joi din luna sau ori de c\u00e2te ori apar noi sesiz\u0103ri ce necesit\u0103 analiz\u0103 de urgen\u021b\u0103 sau la solicitarea a cel pu\u021bin patru dintre membrii acestuia.<\/div>\n<p>[\/vc_column_text][\/vc_tta_section][vc_tta_section title=&#8221;Comisia de primire \u015fi solu\u0163ionare a cazurilor de h\u0103r\u0163uire pe criteriul de sex, precum \u015fi a h\u0103r\u0163uirii morale la locul de munc\u0103&#8221; tab_id=&#8221;1771929103060-d39af1cf-4515&#8243;][vc_column_text css=&#8221;&#8221;]<span lang=\"EN-US\">liniasigurasmt@spitalturda.ro<\/span>[\/vc_column_text][\/vc_tta_section][vc_tta_section title=&#8221;Avertizor de integritate&#8221; tab_id=&#8221;1751225960879-84fab5f1-0e62&#8243;][vc_column_text css=&#8221;&#8221;]Casuta de mail a Spitalului Municipal Turda dedicata avertizorilor de integritate:<br \/>\navertizorintegritatesmt@spitalturda.ro[\/vc_column_text]<style type=\"text\/css\" data-type=\"the7_shortcodes-inline-css\">.icon-with-text-shortcode.icon-text-id-3f60652afa56eed7b63a6ce4967226b9 .text-icon {\n  width: 60px;\n  height: 60px;\n  line-height: 60px;\n  font-size: 32px;\n  border-radius: 200px;\n  margin: 0px 0px 0px 0px;\n}\n.icon-with-text-shortcode.icon-text-id-3f60652afa56eed7b63a6ce4967226b9 .text-icon .icon-inner {\n  min-width: 60px;\n  min-height: 60px;\n  border-radius: 200px;\n}\n@media all and (-ms-high-contrast: none) {\n  .icon-with-text-shortcode.icon-text-id-3f60652afa56eed7b63a6ce4967226b9 .text-icon .icon-inner {\n    height: 60px;\n  }\n}\n.icon-with-text-shortcode.icon-text-id-3f60652afa56eed7b63a6ce4967226b9 .text-icon .dt-hover-icon {\n  line-height: 60px;\n}\n.icon-with-text-shortcode.icon-text-id-3f60652afa56eed7b63a6ce4967226b9 .text-icon:before,\n.icon-with-text-shortcode.icon-text-id-3f60652afa56eed7b63a6ce4967226b9 .text-icon:after,\n.icon-with-text-shortcode.icon-text-id-3f60652afa56eed7b63a6ce4967226b9 .text-icon .icon-inner:before,\n.icon-with-text-shortcode.icon-text-id-3f60652afa56eed7b63a6ce4967226b9 .text-icon .icon-inner:after {\n  min-width: 100%;\n  min-height: 100%;\n  padding: inherit;\n  border-radius: inherit;\n}\n.icon-with-text-shortcode.icon-text-id-3f60652afa56eed7b63a6ce4967226b9 .text-icon.dt-icon-border-on:before {\n  border-width: 2px;\n  border-style: solid;\n}\n.dt-icon-border-dashed.icon-with-text-shortcode.icon-text-id-3f60652afa56eed7b63a6ce4967226b9 .text-icon.dt-icon-border-on:before {\n  border-style: dashed;\n}\n.dt-icon-border-dotted.icon-with-text-shortcode.icon-text-id-3f60652afa56eed7b63a6ce4967226b9 .text-icon.dt-icon-border-on:before {\n  border-style: dotted;\n}\n.dt-icon-border-double.icon-with-text-shortcode.icon-text-id-3f60652afa56eed7b63a6ce4967226b9 .text-icon.dt-icon-border-on:before {\n  border-style: double;\n}\n.icon-with-text-shortcode.icon-text-id-3f60652afa56eed7b63a6ce4967226b9 .text-icon.dt-icon-border-dashed.dt-icon-border-on:before {\n  border-style: dashed;\n}\n.icon-with-text-shortcode.icon-text-id-3f60652afa56eed7b63a6ce4967226b9 .text-icon.dt-icon-border-dotted.dt-icon-border-on:before {\n  border-style: dotted;\n}\n.icon-with-text-shortcode.icon-text-id-3f60652afa56eed7b63a6ce4967226b9 .text-icon.dt-icon-border-double.dt-icon-border-on:before {\n  border-style: double;\n}\n.icon-with-text-shortcode.icon-text-id-3f60652afa56eed7b63a6ce4967226b9 .text-icon.dt-icon-hover-border-on:after {\n  border-width: 2px;\n  border-style: solid;\n}\n.icon-with-text-shortcode.icon-text-id-3f60652afa56eed7b63a6ce4967226b9 .text-icon.dt-icon-border-dashed.dt-icon-hover-border-on:after {\n  border-style: dashed;\n}\n.icon-with-text-shortcode.icon-text-id-3f60652afa56eed7b63a6ce4967226b9 .text-icon.dt-icon-border-dotted.dt-icon-hover-border-on:after {\n  border-style: dotted;\n}\n.icon-with-text-shortcode.icon-text-id-3f60652afa56eed7b63a6ce4967226b9 .text-icon.dt-icon-border-double.dt-icon-hover-border-on:after {\n  border-style: double;\n}\n.icon-with-text-shortcode.icon-text-id-3f60652afa56eed7b63a6ce4967226b9 .text-icon.dt-icon-hover-on:hover {\n  font-size: 32px;\n}\n#page .icon-with-text-shortcode.icon-text-id-3f60652afa56eed7b63a6ce4967226b9 .text-icon.dt-icon-hover-on:hover .soc-font-icon,\n#phantom .icon-with-text-shortcode.icon-text-id-3f60652afa56eed7b63a6ce4967226b9 .text-icon.dt-icon-hover-on:hover .soc-font-icon,\n#page .icon-with-text-shortcode.icon-text-id-3f60652afa56eed7b63a6ce4967226b9 .text-icon.dt-icon-hover-on:hover .soc-icon,\n#phantom .icon-with-text-shortcode.icon-text-id-3f60652afa56eed7b63a6ce4967226b9 .text-icon.dt-icon-hover-on:hover .soc-icon {\n  color: #fff;\n  background: none;\n}\n#page .icon-with-text-shortcode.icon-text-id-3f60652afa56eed7b63a6ce4967226b9 .text-icon.dt-icon-hover-on:not(:hover) .soc-font-icon,\n#phantom .icon-with-text-shortcode.icon-text-id-3f60652afa56eed7b63a6ce4967226b9 .text-icon.dt-icon-hover-on:not(:hover) .soc-font-icon,\n#page .icon-with-text-shortcode.icon-text-id-3f60652afa56eed7b63a6ce4967226b9 .text-icon.dt-icon-hover-on:not(:hover) .soc-icon,\n#phantom .icon-with-text-shortcode.icon-text-id-3f60652afa56eed7b63a6ce4967226b9 .text-icon.dt-icon-hover-on:not(:hover) .soc-icon,\n#page .icon-with-text-shortcode.icon-text-id-3f60652afa56eed7b63a6ce4967226b9 .text-icon.dt-icon-hover-off .soc-font-icon,\n#phantom .icon-with-text-shortcode.icon-text-id-3f60652afa56eed7b63a6ce4967226b9 .text-icon.dt-icon-hover-off .soc-font-icon,\n#page .icon-with-text-shortcode.icon-text-id-3f60652afa56eed7b63a6ce4967226b9 .text-icon.dt-icon-hover-off .soc-icon,\n#phantom .icon-with-text-shortcode.icon-text-id-3f60652afa56eed7b63a6ce4967226b9 .text-icon.dt-icon-hover-off .soc-icon {\n  color: #fff;\n  background: none;\n}\n.icon-with-text-shortcode.icon-text-id-3f60652afa56eed7b63a6ce4967226b9.layout-1 {\n  grid-template-columns: 60px minmax(0,1fr);\n  grid-column-gap: 0px;\n}\n.icon-with-text-shortcode.icon-text-id-3f60652afa56eed7b63a6ce4967226b9.layout-2 {\n  grid-template-columns: minmax(0,1fr) 60px;\n  grid-column-gap: 0px;\n}\n.icon-with-text-shortcode.icon-text-id-3f60652afa56eed7b63a6ce4967226b9.layout-2 .text-icon {\n  margin-left: 0;\n}\n.icon-with-text-shortcode.icon-text-id-3f60652afa56eed7b63a6ce4967226b9.layout-3 {\n  grid-template-columns: 60px minmax(0,1fr);\n}\n.icon-with-text-shortcode.icon-text-id-3f60652afa56eed7b63a6ce4967226b9.layout-3 .dt-text-title {\n  margin-left: 0px;\n}\n.icon-with-text-shortcode.icon-text-id-3f60652afa56eed7b63a6ce4967226b9 .dt-text-title,\n.icon-with-text-shortcode.icon-text-id-3f60652afa56eed7b63a6ce4967226b9 .dt-text-title a {\n  font-weight: bold;\n}\n.icon-with-text-shortcode.icon-text-id-3f60652afa56eed7b63a6ce4967226b9 .dt-text-title {\n  margin-bottom: 10px;\n}\n.icon-with-text-shortcode.icon-text-id-3f60652afa56eed7b63a6ce4967226b9 .dt-text-desc {\n  margin-bottom: 0px;\n}\n<\/style><div class=\"icon-with-text-shortcode  icon-text-id-3f60652afa56eed7b63a6ce4967226b9 layout-2  vc_custom_1751226990654 \" ><p class=\"dt-text-title anchor-link\"><a class=\"anchor-link\"  href=\"https:\/\/spitalturda.ro\/wp-content\/uploads\/2025\/06\/Decizie-avertizor-de-integritate.pdf\" target=\"_blank\" rel=\"nofollow\">Decizie nr. 201 din data de 24.06.2025 privind numirea avertizorului de integritate<\/a><\/p><a href=\"https:\/\/spitalturda.ro\/wp-content\/uploads\/2025\/06\/Decizie-avertizor-de-integritate.pdf\" class=\"anchor-link  default-btn-shortcode dt-btn dt-btn-m link-hover-off\" target=\"_blank\" rel=\"noopener\"><i class=\"Defaults-download\"><\/i><span>Descarc\u0103<\/span><\/a><\/div>[vc_column_text css=&#8221;&#8221;]<a href=\"https:\/\/spitalturda.ro\/wp-content\/uploads\/2025\/06\/Decizie-avertizor-de-integritate.pdf\" class=\"pdfemb-viewer\" style=\"\" data-width=\"max\" data-height=\"max\" data-toolbar=\"both\" data-toolbar-fixed=\"on\">Decizie avertizor de integritate<\/a>[\/vc_column_text]<style type=\"text\/css\" data-type=\"the7_shortcodes-inline-css\">.icon-with-text-shortcode.icon-text-id-ece64e4a99db51ea56a4810c26be6f1b .text-icon {\n  width: 60px;\n  height: 60px;\n  line-height: 60px;\n  font-size: 32px;\n  border-radius: 200px;\n  margin: 0px 0px 0px 0px;\n}\n.icon-with-text-shortcode.icon-text-id-ece64e4a99db51ea56a4810c26be6f1b .text-icon .icon-inner {\n  min-width: 60px;\n  min-height: 60px;\n  border-radius: 200px;\n}\n@media all and (-ms-high-contrast: none) {\n  .icon-with-text-shortcode.icon-text-id-ece64e4a99db51ea56a4810c26be6f1b .text-icon .icon-inner {\n    height: 60px;\n  }\n}\n.icon-with-text-shortcode.icon-text-id-ece64e4a99db51ea56a4810c26be6f1b .text-icon .dt-hover-icon {\n  line-height: 60px;\n}\n.icon-with-text-shortcode.icon-text-id-ece64e4a99db51ea56a4810c26be6f1b .text-icon:before,\n.icon-with-text-shortcode.icon-text-id-ece64e4a99db51ea56a4810c26be6f1b .text-icon:after,\n.icon-with-text-shortcode.icon-text-id-ece64e4a99db51ea56a4810c26be6f1b .text-icon .icon-inner:before,\n.icon-with-text-shortcode.icon-text-id-ece64e4a99db51ea56a4810c26be6f1b .text-icon .icon-inner:after {\n  min-width: 100%;\n  min-height: 100%;\n  padding: inherit;\n  border-radius: inherit;\n}\n.icon-with-text-shortcode.icon-text-id-ece64e4a99db51ea56a4810c26be6f1b .text-icon.dt-icon-border-on:before {\n  border-width: 2px;\n  border-style: solid;\n}\n.dt-icon-border-dashed.icon-with-text-shortcode.icon-text-id-ece64e4a99db51ea56a4810c26be6f1b .text-icon.dt-icon-border-on:before {\n  border-style: dashed;\n}\n.dt-icon-border-dotted.icon-with-text-shortcode.icon-text-id-ece64e4a99db51ea56a4810c26be6f1b .text-icon.dt-icon-border-on:before {\n  border-style: dotted;\n}\n.dt-icon-border-double.icon-with-text-shortcode.icon-text-id-ece64e4a99db51ea56a4810c26be6f1b .text-icon.dt-icon-border-on:before {\n  border-style: double;\n}\n.icon-with-text-shortcode.icon-text-id-ece64e4a99db51ea56a4810c26be6f1b .text-icon.dt-icon-border-dashed.dt-icon-border-on:before {\n  border-style: dashed;\n}\n.icon-with-text-shortcode.icon-text-id-ece64e4a99db51ea56a4810c26be6f1b .text-icon.dt-icon-border-dotted.dt-icon-border-on:before {\n  border-style: dotted;\n}\n.icon-with-text-shortcode.icon-text-id-ece64e4a99db51ea56a4810c26be6f1b .text-icon.dt-icon-border-double.dt-icon-border-on:before {\n  border-style: double;\n}\n.icon-with-text-shortcode.icon-text-id-ece64e4a99db51ea56a4810c26be6f1b .text-icon.dt-icon-hover-border-on:after {\n  border-width: 2px;\n  border-style: solid;\n}\n.icon-with-text-shortcode.icon-text-id-ece64e4a99db51ea56a4810c26be6f1b .text-icon.dt-icon-border-dashed.dt-icon-hover-border-on:after {\n  border-style: dashed;\n}\n.icon-with-text-shortcode.icon-text-id-ece64e4a99db51ea56a4810c26be6f1b .text-icon.dt-icon-border-dotted.dt-icon-hover-border-on:after {\n  border-style: dotted;\n}\n.icon-with-text-shortcode.icon-text-id-ece64e4a99db51ea56a4810c26be6f1b .text-icon.dt-icon-border-double.dt-icon-hover-border-on:after {\n  border-style: double;\n}\n.icon-with-text-shortcode.icon-text-id-ece64e4a99db51ea56a4810c26be6f1b .text-icon.dt-icon-hover-on:hover {\n  font-size: 32px;\n}\n#page .icon-with-text-shortcode.icon-text-id-ece64e4a99db51ea56a4810c26be6f1b .text-icon.dt-icon-hover-on:hover .soc-font-icon,\n#phantom .icon-with-text-shortcode.icon-text-id-ece64e4a99db51ea56a4810c26be6f1b .text-icon.dt-icon-hover-on:hover .soc-font-icon,\n#page .icon-with-text-shortcode.icon-text-id-ece64e4a99db51ea56a4810c26be6f1b .text-icon.dt-icon-hover-on:hover .soc-icon,\n#phantom .icon-with-text-shortcode.icon-text-id-ece64e4a99db51ea56a4810c26be6f1b .text-icon.dt-icon-hover-on:hover .soc-icon {\n  color: #fff;\n  background: none;\n}\n#page .icon-with-text-shortcode.icon-text-id-ece64e4a99db51ea56a4810c26be6f1b .text-icon.dt-icon-hover-on:not(:hover) .soc-font-icon,\n#phantom .icon-with-text-shortcode.icon-text-id-ece64e4a99db51ea56a4810c26be6f1b .text-icon.dt-icon-hover-on:not(:hover) .soc-font-icon,\n#page .icon-with-text-shortcode.icon-text-id-ece64e4a99db51ea56a4810c26be6f1b .text-icon.dt-icon-hover-on:not(:hover) .soc-icon,\n#phantom .icon-with-text-shortcode.icon-text-id-ece64e4a99db51ea56a4810c26be6f1b .text-icon.dt-icon-hover-on:not(:hover) .soc-icon,\n#page .icon-with-text-shortcode.icon-text-id-ece64e4a99db51ea56a4810c26be6f1b .text-icon.dt-icon-hover-off .soc-font-icon,\n#phantom .icon-with-text-shortcode.icon-text-id-ece64e4a99db51ea56a4810c26be6f1b .text-icon.dt-icon-hover-off .soc-font-icon,\n#page .icon-with-text-shortcode.icon-text-id-ece64e4a99db51ea56a4810c26be6f1b .text-icon.dt-icon-hover-off .soc-icon,\n#phantom .icon-with-text-shortcode.icon-text-id-ece64e4a99db51ea56a4810c26be6f1b .text-icon.dt-icon-hover-off .soc-icon {\n  color: #fff;\n  background: none;\n}\n.icon-with-text-shortcode.icon-text-id-ece64e4a99db51ea56a4810c26be6f1b.layout-1 {\n  grid-template-columns: 60px minmax(0,1fr);\n  grid-column-gap: 0px;\n}\n.icon-with-text-shortcode.icon-text-id-ece64e4a99db51ea56a4810c26be6f1b.layout-2 {\n  grid-template-columns: minmax(0,1fr) 60px;\n  grid-column-gap: 0px;\n}\n.icon-with-text-shortcode.icon-text-id-ece64e4a99db51ea56a4810c26be6f1b.layout-2 .text-icon {\n  margin-left: 0;\n}\n.icon-with-text-shortcode.icon-text-id-ece64e4a99db51ea56a4810c26be6f1b.layout-3 {\n  grid-template-columns: 60px minmax(0,1fr);\n}\n.icon-with-text-shortcode.icon-text-id-ece64e4a99db51ea56a4810c26be6f1b.layout-3 .dt-text-title {\n  margin-left: 0px;\n}\n.icon-with-text-shortcode.icon-text-id-ece64e4a99db51ea56a4810c26be6f1b .dt-text-title,\n.icon-with-text-shortcode.icon-text-id-ece64e4a99db51ea56a4810c26be6f1b .dt-text-title a {\n  font-weight: bold;\n}\n.icon-with-text-shortcode.icon-text-id-ece64e4a99db51ea56a4810c26be6f1b .dt-text-title {\n  margin-bottom: 10px;\n}\n.icon-with-text-shortcode.icon-text-id-ece64e4a99db51ea56a4810c26be6f1b .dt-text-desc {\n  margin-bottom: 0px;\n}\n<\/style><div class=\"icon-with-text-shortcode  icon-text-id-ece64e4a99db51ea56a4810c26be6f1b layout-2  vc_custom_1751227447825 \" ><p class=\"dt-text-title anchor-link\"><a class=\"anchor-link\"  href=\"https:\/\/spitalturda.ro\/wp-content\/uploads\/2025\/06\/PO-SMC-00.222-Procedura-privind-protectia-avertizorului.pdf\" target=\"_blank\" rel=\"nofollow\">Procedura privind protec\u021bia avertizorului de integritate<\/a><\/p><a href=\"https:\/\/spitalturda.ro\/wp-content\/uploads\/2025\/06\/PO-SMC-00.222-Procedura-privind-protectia-avertizorului.pdf\" class=\"anchor-link  default-btn-shortcode dt-btn dt-btn-m link-hover-off\" target=\"_blank\" rel=\"noopener\"><i class=\"Defaults-download\"><\/i><span>Descarc\u0103<\/span><\/a><\/div>[vc_column_text css=&#8221;&#8221;]<a href=\"https:\/\/spitalturda.ro\/wp-content\/uploads\/2025\/06\/PO-SMC-00.222-Procedura-privind-protectia-avertizorului.pdf\" class=\"pdfemb-viewer\" style=\"\" data-width=\"max\" data-height=\"max\" data-toolbar=\"both\" data-toolbar-fixed=\"on\">PO-SMC-00.222 Procedura privind protectia avertizorului<\/a>[\/vc_column_text][\/vc_tta_section][vc_tta_section title=&#8221;Transparen\u021ba decizional\u0103&#8221; tab_id=&#8221;1751225960923-4623549f-9112&#8243;]<style type=\"text\/css\" data-type=\"the7_shortcodes-inline-css\">.icon-with-text-shortcode.icon-text-id-3658080766dd27565d0fc16395c659aa .text-icon {\n  width: 60px;\n  height: 60px;\n  line-height: 60px;\n  font-size: 32px;\n  border-radius: 200px;\n  margin: 0px 0px 0px 0px;\n}\n.icon-with-text-shortcode.icon-text-id-3658080766dd27565d0fc16395c659aa .text-icon .icon-inner {\n  min-width: 60px;\n  min-height: 60px;\n  border-radius: 200px;\n}\n@media all and (-ms-high-contrast: none) {\n  .icon-with-text-shortcode.icon-text-id-3658080766dd27565d0fc16395c659aa .text-icon .icon-inner {\n    height: 60px;\n  }\n}\n.icon-with-text-shortcode.icon-text-id-3658080766dd27565d0fc16395c659aa .text-icon .dt-hover-icon {\n  line-height: 60px;\n}\n.icon-with-text-shortcode.icon-text-id-3658080766dd27565d0fc16395c659aa .text-icon:before,\n.icon-with-text-shortcode.icon-text-id-3658080766dd27565d0fc16395c659aa .text-icon:after,\n.icon-with-text-shortcode.icon-text-id-3658080766dd27565d0fc16395c659aa .text-icon .icon-inner:before,\n.icon-with-text-shortcode.icon-text-id-3658080766dd27565d0fc16395c659aa .text-icon .icon-inner:after {\n  min-width: 100%;\n  min-height: 100%;\n  padding: inherit;\n  border-radius: inherit;\n}\n.icon-with-text-shortcode.icon-text-id-3658080766dd27565d0fc16395c659aa .text-icon.dt-icon-border-on:before {\n  border-width: 2px;\n  border-style: solid;\n}\n.dt-icon-border-dashed.icon-with-text-shortcode.icon-text-id-3658080766dd27565d0fc16395c659aa .text-icon.dt-icon-border-on:before {\n  border-style: dashed;\n}\n.dt-icon-border-dotted.icon-with-text-shortcode.icon-text-id-3658080766dd27565d0fc16395c659aa .text-icon.dt-icon-border-on:before {\n  border-style: dotted;\n}\n.dt-icon-border-double.icon-with-text-shortcode.icon-text-id-3658080766dd27565d0fc16395c659aa .text-icon.dt-icon-border-on:before {\n  border-style: double;\n}\n.icon-with-text-shortcode.icon-text-id-3658080766dd27565d0fc16395c659aa .text-icon.dt-icon-border-dashed.dt-icon-border-on:before {\n  border-style: dashed;\n}\n.icon-with-text-shortcode.icon-text-id-3658080766dd27565d0fc16395c659aa .text-icon.dt-icon-border-dotted.dt-icon-border-on:before {\n  border-style: dotted;\n}\n.icon-with-text-shortcode.icon-text-id-3658080766dd27565d0fc16395c659aa .text-icon.dt-icon-border-double.dt-icon-border-on:before {\n  border-style: double;\n}\n.icon-with-text-shortcode.icon-text-id-3658080766dd27565d0fc16395c659aa .text-icon.dt-icon-hover-border-on:after {\n  border-width: 2px;\n  border-style: solid;\n}\n.icon-with-text-shortcode.icon-text-id-3658080766dd27565d0fc16395c659aa .text-icon.dt-icon-border-dashed.dt-icon-hover-border-on:after {\n  border-style: dashed;\n}\n.icon-with-text-shortcode.icon-text-id-3658080766dd27565d0fc16395c659aa .text-icon.dt-icon-border-dotted.dt-icon-hover-border-on:after {\n  border-style: dotted;\n}\n.icon-with-text-shortcode.icon-text-id-3658080766dd27565d0fc16395c659aa .text-icon.dt-icon-border-double.dt-icon-hover-border-on:after {\n  border-style: double;\n}\n.icon-with-text-shortcode.icon-text-id-3658080766dd27565d0fc16395c659aa .text-icon.dt-icon-hover-on:hover {\n  font-size: 32px;\n}\n#page .icon-with-text-shortcode.icon-text-id-3658080766dd27565d0fc16395c659aa .text-icon.dt-icon-hover-on:hover .soc-font-icon,\n#phantom .icon-with-text-shortcode.icon-text-id-3658080766dd27565d0fc16395c659aa .text-icon.dt-icon-hover-on:hover .soc-font-icon,\n#page .icon-with-text-shortcode.icon-text-id-3658080766dd27565d0fc16395c659aa .text-icon.dt-icon-hover-on:hover .soc-icon,\n#phantom .icon-with-text-shortcode.icon-text-id-3658080766dd27565d0fc16395c659aa .text-icon.dt-icon-hover-on:hover .soc-icon {\n  color: #fff;\n  background: none;\n}\n#page .icon-with-text-shortcode.icon-text-id-3658080766dd27565d0fc16395c659aa .text-icon.dt-icon-hover-on:not(:hover) .soc-font-icon,\n#phantom .icon-with-text-shortcode.icon-text-id-3658080766dd27565d0fc16395c659aa .text-icon.dt-icon-hover-on:not(:hover) .soc-font-icon,\n#page .icon-with-text-shortcode.icon-text-id-3658080766dd27565d0fc16395c659aa .text-icon.dt-icon-hover-on:not(:hover) .soc-icon,\n#phantom .icon-with-text-shortcode.icon-text-id-3658080766dd27565d0fc16395c659aa .text-icon.dt-icon-hover-on:not(:hover) .soc-icon,\n#page .icon-with-text-shortcode.icon-text-id-3658080766dd27565d0fc16395c659aa .text-icon.dt-icon-hover-off .soc-font-icon,\n#phantom .icon-with-text-shortcode.icon-text-id-3658080766dd27565d0fc16395c659aa .text-icon.dt-icon-hover-off .soc-font-icon,\n#page .icon-with-text-shortcode.icon-text-id-3658080766dd27565d0fc16395c659aa .text-icon.dt-icon-hover-off .soc-icon,\n#phantom .icon-with-text-shortcode.icon-text-id-3658080766dd27565d0fc16395c659aa .text-icon.dt-icon-hover-off .soc-icon {\n  color: #fff;\n  background: none;\n}\n.icon-with-text-shortcode.icon-text-id-3658080766dd27565d0fc16395c659aa.layout-1 {\n  grid-template-columns: 60px minmax(0,1fr);\n  grid-column-gap: 0px;\n}\n.icon-with-text-shortcode.icon-text-id-3658080766dd27565d0fc16395c659aa.layout-2 {\n  grid-template-columns: minmax(0,1fr) 60px;\n  grid-column-gap: 0px;\n}\n.icon-with-text-shortcode.icon-text-id-3658080766dd27565d0fc16395c659aa.layout-2 .text-icon {\n  margin-left: 0;\n}\n.icon-with-text-shortcode.icon-text-id-3658080766dd27565d0fc16395c659aa.layout-3 {\n  grid-template-columns: 60px minmax(0,1fr);\n}\n.icon-with-text-shortcode.icon-text-id-3658080766dd27565d0fc16395c659aa.layout-3 .dt-text-title {\n  margin-left: 0px;\n}\n.icon-with-text-shortcode.icon-text-id-3658080766dd27565d0fc16395c659aa .dt-text-title,\n.icon-with-text-shortcode.icon-text-id-3658080766dd27565d0fc16395c659aa .dt-text-title a {\n  font-weight: bold;\n}\n.icon-with-text-shortcode.icon-text-id-3658080766dd27565d0fc16395c659aa .dt-text-title {\n  margin-bottom: 10px;\n}\n.icon-with-text-shortcode.icon-text-id-3658080766dd27565d0fc16395c659aa .dt-text-desc {\n  margin-bottom: 0px;\n}\n<\/style><div class=\"icon-with-text-shortcode  icon-text-id-3658080766dd27565d0fc16395c659aa layout-2  vc_custom_1751227332987 \" ><p class=\"dt-text-title anchor-link\"><a class=\"anchor-link\"  href=\"https:\/\/spitalturda.ro\/wp-content\/uploads\/2025\/06\/PO-SMC-00.223-Procedura-privind-transparenta-decizionala.pdf\" target=\"_blank\" rel=\"nofollow\">Procedura privind transparen\u021ba decizional\u0103<\/a><\/p><a href=\"https:\/\/spitalturda.ro\/wp-content\/uploads\/2025\/06\/PO-SMC-00.223-Procedura-privind-transparenta-decizionala.pdf\" class=\"anchor-link  default-btn-shortcode dt-btn dt-btn-m link-hover-off\" target=\"_blank\" rel=\"noopener\"><i class=\"Defaults-download\"><\/i><span>Descarc\u0103<\/span><\/a><\/div>[vc_column_text css=&#8221;&#8221;]<a href=\"https:\/\/spitalturda.ro\/wp-content\/uploads\/2025\/06\/PO-SMC-00.223-Procedura-privind-transparenta-decizionala.pdf\" class=\"pdfemb-viewer\" style=\"\" data-width=\"max\" data-height=\"max\" data-toolbar=\"both\" data-toolbar-fixed=\"on\">PO-SMC-00.223 Procedura privind transparenta decizionala<\/a>[\/vc_column_text][\/vc_tta_section][\/vc_tta_accordion][\/vc_column][\/vc_row][vc_row][vc_column][\/vc_column][\/vc_row]<\/p>\n<\/div>","protected":false},"excerpt":{"rendered":"<p>[vc_row][vc_column][vc_tta_accordion style=&#8221;flat&#8221; c_icon=&#8221;triangle&#8221; active_section=&#8221;1&#8243; collapsible_all=&#8221;true&#8221;][vc_tta_section title=&#8221;Consiliul Etic &#8211; Spitalul Municipal Turda&#8221; tab_id=&#8221;1751226112974-c7ac78f9-8264&#8243;][vc_column_text css=&#8221;&#8221;] Presedinte: dr Fogas Gabriela Membrii: dr Bogdan Gheorghe Dumitru \u00a0\u00a0\u00a0\u00a0\u00a0\u00a0\u00a0\u00a0\u00a0\u00a0\u00a0\u00a0\u00a0 \u00a0 dr. Mitroi Cristina \u00a0\u00a0\u00a0\u00a0\u00a0\u00a0\u00a0\u00a0\u00a0\u00a0\u00a0\u00a0\u00a0 \u00a0 dr. Totu Liliana \u00a0\u00a0\u00a0\u00a0\u00a0\u00a0\u00a0\u00a0\u00a0\u00a0\u00a0\u00a0\u00a0 \u00a0 as. Chiorean Corina \u00a0\u00a0\u00a0\u00a0\u00a0\u00a0\u00a0\u00a0\u00a0\u00a0\u00a0\u00a0\u00a0 \u00a0 as. Fodor Lorant Balasz Reprezentant al Asociatiilor de Pacienti Jr. Marginean Stelian Ioan Consilier: Sas Ioan&hellip;<\/p>\n","protected":false},"author":2,"featured_media":0,"parent":0,"menu_order":0,"comment_status":"closed","ping_status":"open","template":"","meta":{"footnotes":""},"class_list":["post-8179","page","type-page","status-publish","hentry","description-off"],"_links":{"self":[{"href":"https:\/\/spitalturda.ro\/index.php\/wp-json\/wp\/v2\/pages\/8179","targetHints":{"allow":["GET"]}}],"collection":[{"href":"https:\/\/spitalturda.ro\/index.php\/wp-json\/wp\/v2\/pages"}],"about":[{"href":"https:\/\/spitalturda.ro\/index.php\/wp-json\/wp\/v2\/types\/page"}],"author":[{"embeddable":true,"href":"https:\/\/spitalturda.ro\/index.php\/wp-json\/wp\/v2\/users\/2"}],"replies":[{"embeddable":true,"href":"https:\/\/spitalturda.ro\/index.php\/wp-json\/wp\/v2\/comments?post=8179"}],"version-history":[{"count":32,"href":"https:\/\/spitalturda.ro\/index.php\/wp-json\/wp\/v2\/pages\/8179\/revisions"}],"predecessor-version":[{"id":12109,"href":"https:\/\/spitalturda.ro\/index.php\/wp-json\/wp\/v2\/pages\/8179\/revisions\/12109"}],"wp:attachment":[{"href":"https:\/\/spitalturda.ro\/index.php\/wp-json\/wp\/v2\/media?parent=8179"}],"curies":[{"name":"wp","href":"https:\/\/api.w.org\/{rel}","templated":true}]}}