{"id":3013,"date":"2021-09-05T14:33:44","date_gmt":"2021-09-05T14:33:44","guid":{"rendered":"https:\/\/new.spitalturda.ro\/?page_id=3013"},"modified":"2024-10-30T19:01:12","modified_gmt":"2024-10-30T19:01:12","slug":"cardiologie","status":"publish","type":"page","link":"https:\/\/spitalturda.ro\/index.php\/specialitati-si-servicii-medicale\/cardiologie\/","title":{"rendered":"Compartiment Cardiologie"},"content":{"rendered":"<div class=\"wpb-content-wrapper\"><p>[vc_row][vc_column width=&#8221;1\/2&#8243;][vc_single_image image=&#8221;3014&#8243; img_size=&#8221;large&#8221;][\/vc_column][vc_column width=&#8221;1\/2&#8243;]<div class=\"dt-fancy-separator title-left h4-size accent-border-color\" style=\"width: 100%;\"><div class=\"dt-fancy-title bg-on\"><span class=\"separator-holder separator-left\"><\/span>Compartiment Cardiologie<span class=\"separator-holder separator-right\"><\/span><\/div><\/div>[vc_column_text css=&#8221;.vc_custom_1730314872246{margin-top: 10px !important;}&#8221;]<strong>Medic coordonator:<\/strong><br \/>\nDR MUSTACILA ADRIAN GABRIEL \u2013 medic primar &#8211; specialitatea cardiologie<\/p>\n<p><strong>Medici compartiment:<\/strong><br \/>\nDR.GARBOAN IOANA \u2013 Medic primar &#8211; specialitatea cardiologie<\/p>\n<p>NR.PATURI: 15<br \/>\ninvestigarea, diagnosticul si tratamentul pacientilor cu afectiuni cardiologice<br \/>\necocardiografie Doppler color, ecografie de vase, Holter, EKG<br \/>\n<span lang=\"ro-RO\">Holter TA, \u00een contextul necesit\u0103\u021bii \u00een urma explor\u0103rilor unor investiga\u021bii suplimentare, pacien\u021bii sunt programa\u021bi electiv, \u00een centre cu competen\u021b\u0103 superioar\u0103.<br \/>\n<\/span><span lang=\"ro-RO\">\u00cen acest context amintim necesitatea de cardiostmulare electric\u0103 artificala, necesitatea de explorare invaziv\u0103 coroanarian\u0103, necesitatea de protezare valvulara \u0219i alte manopere.<\/span>[\/vc_column_text][\/vc_column][\/vc_row]<\/p>\n<\/div>","protected":false},"excerpt":{"rendered":"<p>[vc_row][vc_column width=&#8221;1\/2&#8243;][vc_single_image image=&#8221;3014&#8243; img_size=&#8221;large&#8221;][\/vc_column][vc_column width=&#8221;1\/2&#8243;][vc_column_text css=&#8221;.vc_custom_1730314872246{margin-top: 10px !important;}&#8221;]Medic coordonator: DR MUSTACILA ADRIAN GABRIEL \u2013 medic primar &#8211; specialitatea cardiologie Medici compartiment: DR.GARBOAN IOANA \u2013 Medic primar &#8211; specialitatea cardiologie NR.PATURI: 15 investigarea, diagnosticul si tratamentul pacientilor cu afectiuni cardiologice ecocardiografie Doppler color, ecografie de vase, Holter, EKG Holter TA, \u00een contextul necesit\u0103\u021bii \u00een urma explor\u0103rilor&hellip;<\/p>\n","protected":false},"author":2,"featured_media":0,"parent":2922,"menu_order":0,"comment_status":"closed","ping_status":"open","template":"","meta":{"footnotes":""},"class_list":["post-3013","page","type-page","status-publish","hentry","description-off"],"_links":{"self":[{"href":"https:\/\/spitalturda.ro\/index.php\/wp-json\/wp\/v2\/pages\/3013","targetHints":{"allow":["GET"]}}],"collection":[{"href":"https:\/\/spitalturda.ro\/index.php\/wp-json\/wp\/v2\/pages"}],"about":[{"href":"https:\/\/spitalturda.ro\/index.php\/wp-json\/wp\/v2\/types\/page"}],"author":[{"embeddable":true,"href":"https:\/\/spitalturda.ro\/index.php\/wp-json\/wp\/v2\/users\/2"}],"replies":[{"embeddable":true,"href":"https:\/\/spitalturda.ro\/index.php\/wp-json\/wp\/v2\/comments?post=3013"}],"version-history":[{"count":5,"href":"https:\/\/spitalturda.ro\/index.php\/wp-json\/wp\/v2\/pages\/3013\/revisions"}],"predecessor-version":[{"id":10964,"href":"https:\/\/spitalturda.ro\/index.php\/wp-json\/wp\/v2\/pages\/3013\/revisions\/10964"}],"up":[{"embeddable":true,"href":"https:\/\/spitalturda.ro\/index.php\/wp-json\/wp\/v2\/pages\/2922"}],"wp:attachment":[{"href":"https:\/\/spitalturda.ro\/index.php\/wp-json\/wp\/v2\/media?parent=3013"}],"curies":[{"name":"wp","href":"https:\/\/api.w.org\/{rel}","templated":true}]}}