{"id":11979,"date":"2025-11-24T10:11:17","date_gmt":"2025-11-24T10:11:17","guid":{"rendered":"https:\/\/spitalturda.ro\/?page_id=11979"},"modified":"2025-11-24T10:26:09","modified_gmt":"2025-11-24T10:26:09","slug":"sanatatea-ta-prioritatea-noastra","status":"publish","type":"page","link":"https:\/\/spitalturda.ro\/index.php\/pagina-pacientului\/sanatatea-ta-prioritatea-noastra\/","title":{"rendered":"SANATATEA TA, PRIORITATEA NOASTRA"},"content":{"rendered":"<div class=\"wpb-content-wrapper\"><p>[vc_row][vc_column]<div class=\"dt-fancy-separator title-left h3-size\" style=\"width: 100%;\"><div class=\"dt-fancy-title\"><span class=\"separator-holder separator-left\"><\/span>S\u0102N\u0102TATEA TA, PRIORITATEA NOASTR\u0102<span class=\"separator-holder separator-right\"><\/span><\/div><\/div><style type=\"text\/css\" data-type=\"the7_shortcodes-inline-css\">.icon-with-text-shortcode.icon-text-id-29b704bb703c6006b12d25cf1300804d .text-icon {\n  width: 60px;\n  height: 60px;\n  line-height: 60px;\n  font-size: 32px;\n  border-radius: 200px;\n  margin: 0px 0px 0px 0px;\n}\n.icon-with-text-shortcode.icon-text-id-29b704bb703c6006b12d25cf1300804d .text-icon .icon-inner {\n  min-width: 60px;\n  min-height: 60px;\n  border-radius: 200px;\n}\n@media all and (-ms-high-contrast: none) {\n  .icon-with-text-shortcode.icon-text-id-29b704bb703c6006b12d25cf1300804d .text-icon .icon-inner {\n    height: 60px;\n  }\n}\n.icon-with-text-shortcode.icon-text-id-29b704bb703c6006b12d25cf1300804d .text-icon .dt-hover-icon {\n  line-height: 60px;\n}\n.icon-with-text-shortcode.icon-text-id-29b704bb703c6006b12d25cf1300804d .text-icon:before,\n.icon-with-text-shortcode.icon-text-id-29b704bb703c6006b12d25cf1300804d .text-icon:after,\n.icon-with-text-shortcode.icon-text-id-29b704bb703c6006b12d25cf1300804d .text-icon .icon-inner:before,\n.icon-with-text-shortcode.icon-text-id-29b704bb703c6006b12d25cf1300804d .text-icon .icon-inner:after {\n  min-width: 100%;\n  min-height: 100%;\n  padding: inherit;\n  border-radius: inherit;\n}\n.icon-with-text-shortcode.icon-text-id-29b704bb703c6006b12d25cf1300804d .text-icon.dt-icon-border-on:before {\n  border-width: 2px;\n  border-style: solid;\n}\n.dt-icon-border-dashed.icon-with-text-shortcode.icon-text-id-29b704bb703c6006b12d25cf1300804d .text-icon.dt-icon-border-on:before {\n  border-style: dashed;\n}\n.dt-icon-border-dotted.icon-with-text-shortcode.icon-text-id-29b704bb703c6006b12d25cf1300804d .text-icon.dt-icon-border-on:before {\n  border-style: dotted;\n}\n.dt-icon-border-double.icon-with-text-shortcode.icon-text-id-29b704bb703c6006b12d25cf1300804d .text-icon.dt-icon-border-on:before {\n  border-style: double;\n}\n.icon-with-text-shortcode.icon-text-id-29b704bb703c6006b12d25cf1300804d .text-icon.dt-icon-border-dashed.dt-icon-border-on:before {\n  border-style: dashed;\n}\n.icon-with-text-shortcode.icon-text-id-29b704bb703c6006b12d25cf1300804d .text-icon.dt-icon-border-dotted.dt-icon-border-on:before {\n  border-style: dotted;\n}\n.icon-with-text-shortcode.icon-text-id-29b704bb703c6006b12d25cf1300804d .text-icon.dt-icon-border-double.dt-icon-border-on:before {\n  border-style: double;\n}\n.icon-with-text-shortcode.icon-text-id-29b704bb703c6006b12d25cf1300804d .text-icon.dt-icon-hover-border-on:after {\n  border-width: 2px;\n  border-style: solid;\n}\n.icon-with-text-shortcode.icon-text-id-29b704bb703c6006b12d25cf1300804d .text-icon.dt-icon-border-dashed.dt-icon-hover-border-on:after {\n  border-style: dashed;\n}\n.icon-with-text-shortcode.icon-text-id-29b704bb703c6006b12d25cf1300804d .text-icon.dt-icon-border-dotted.dt-icon-hover-border-on:after {\n  border-style: dotted;\n}\n.icon-with-text-shortcode.icon-text-id-29b704bb703c6006b12d25cf1300804d .text-icon.dt-icon-border-double.dt-icon-hover-border-on:after {\n  border-style: double;\n}\n.icon-with-text-shortcode.icon-text-id-29b704bb703c6006b12d25cf1300804d .text-icon.dt-icon-hover-on:hover {\n  font-size: 32px;\n}\n#page .icon-with-text-shortcode.icon-text-id-29b704bb703c6006b12d25cf1300804d .text-icon.dt-icon-hover-on:hover .soc-font-icon,\n#phantom .icon-with-text-shortcode.icon-text-id-29b704bb703c6006b12d25cf1300804d .text-icon.dt-icon-hover-on:hover .soc-font-icon,\n#page .icon-with-text-shortcode.icon-text-id-29b704bb703c6006b12d25cf1300804d .text-icon.dt-icon-hover-on:hover .soc-icon,\n#phantom .icon-with-text-shortcode.icon-text-id-29b704bb703c6006b12d25cf1300804d .text-icon.dt-icon-hover-on:hover .soc-icon {\n  color: #fff;\n  background: none;\n}\n#page .icon-with-text-shortcode.icon-text-id-29b704bb703c6006b12d25cf1300804d .text-icon.dt-icon-hover-on:not(:hover) .soc-font-icon,\n#phantom .icon-with-text-shortcode.icon-text-id-29b704bb703c6006b12d25cf1300804d .text-icon.dt-icon-hover-on:not(:hover) .soc-font-icon,\n#page .icon-with-text-shortcode.icon-text-id-29b704bb703c6006b12d25cf1300804d .text-icon.dt-icon-hover-on:not(:hover) .soc-icon,\n#phantom .icon-with-text-shortcode.icon-text-id-29b704bb703c6006b12d25cf1300804d .text-icon.dt-icon-hover-on:not(:hover) .soc-icon,\n#page .icon-with-text-shortcode.icon-text-id-29b704bb703c6006b12d25cf1300804d .text-icon.dt-icon-hover-off .soc-font-icon,\n#phantom .icon-with-text-shortcode.icon-text-id-29b704bb703c6006b12d25cf1300804d .text-icon.dt-icon-hover-off .soc-font-icon,\n#page .icon-with-text-shortcode.icon-text-id-29b704bb703c6006b12d25cf1300804d .text-icon.dt-icon-hover-off .soc-icon,\n#phantom .icon-with-text-shortcode.icon-text-id-29b704bb703c6006b12d25cf1300804d .text-icon.dt-icon-hover-off .soc-icon {\n  color: #fff;\n  background: none;\n}\n.icon-with-text-shortcode.icon-text-id-29b704bb703c6006b12d25cf1300804d.layout-1 {\n  grid-template-columns: 60px minmax(0,1fr);\n  grid-column-gap: 0px;\n}\n.icon-with-text-shortcode.icon-text-id-29b704bb703c6006b12d25cf1300804d.layout-2 {\n  grid-template-columns: minmax(0,1fr) 60px;\n  grid-column-gap: 0px;\n}\n.icon-with-text-shortcode.icon-text-id-29b704bb703c6006b12d25cf1300804d.layout-2 .text-icon {\n  margin-left: 0;\n}\n.icon-with-text-shortcode.icon-text-id-29b704bb703c6006b12d25cf1300804d.layout-3 {\n  grid-template-columns: 60px minmax(0,1fr);\n}\n.icon-with-text-shortcode.icon-text-id-29b704bb703c6006b12d25cf1300804d.layout-3 .dt-text-title {\n  margin-left: 0px;\n}\n.icon-with-text-shortcode.icon-text-id-29b704bb703c6006b12d25cf1300804d .dt-text-title,\n.icon-with-text-shortcode.icon-text-id-29b704bb703c6006b12d25cf1300804d .dt-text-title a {\n  font-size: 16px;\n  font-weight: bold;\n}\n.icon-with-text-shortcode.icon-text-id-29b704bb703c6006b12d25cf1300804d .dt-text-title {\n  margin-bottom: 10px;\n}\n.icon-with-text-shortcode.icon-text-id-29b704bb703c6006b12d25cf1300804d .dt-text-desc {\n  margin-bottom: 0px;\n}\n<\/style><div class=\"icon-with-text-shortcode  icon-text-id-29b704bb703c6006b12d25cf1300804d layout-2  vc_custom_1763979041419 \" ><h4 class=\"dt-text-title anchor-link\"><a class=\"anchor-link\"  href=\"https:\/\/spitalturda.ro\/wp-content\/uploads\/2025\/11\/1-Intrebari-si-raspunsuri-cu-Dr.-Stanila-Sebastian-Ovidiu.pdf\" target=\"_blank\" rel=\"nofollow\">\u00centreb\u0103ri \u0219i r\u0103spunsuri cu Dr. Ovidiu Sebastian St\u0103nil\u0103<\/a><\/h4><div class=\"dt-text-desc\">Director al Spitalului Municipal Turda<\/div><a href=\"https:\/\/spitalturda.ro\/wp-content\/uploads\/2025\/11\/1-Intrebari-si-raspunsuri-cu-Dr.-Stanila-Sebastian-Ovidiu.pdf\" class=\"anchor-link  default-btn-shortcode dt-btn dt-btn-m link-hover-off\" target=\"_blank\" rel=\"noopener\"><i class=\"Defaults-download\"><\/i><span>Descarc\u0103<\/span><\/a><\/div>[vc_column_text css=&#8221;&#8221;]<a href=\"https:\/\/spitalturda.ro\/wp-content\/uploads\/2025\/11\/1-Intrebari-si-raspunsuri-cu-Dr.-Stanila-Sebastian-Ovidiu.pdf\" class=\"pdfemb-viewer\" style=\"\" data-width=\"max\" data-height=\"max\" data-toolbar=\"both\" data-toolbar-fixed=\"on\">1 Intrebari si raspunsuri cu Dr. Stanila Sebastian Ovidiu<\/a>[\/vc_column_text][\/vc_column][\/vc_row][vc_row][vc_column]<style type=\"text\/css\" data-type=\"the7_shortcodes-inline-css\">.icon-with-text-shortcode.icon-text-id-730399744dfa410d2b45bb6118ed3dd9 .text-icon {\n  width: 60px;\n  height: 60px;\n  line-height: 60px;\n  font-size: 32px;\n  border-radius: 200px;\n  margin: 0px 0px 0px 0px;\n}\n.icon-with-text-shortcode.icon-text-id-730399744dfa410d2b45bb6118ed3dd9 .text-icon .icon-inner {\n  min-width: 60px;\n  min-height: 60px;\n  border-radius: 200px;\n}\n@media all and (-ms-high-contrast: none) {\n  .icon-with-text-shortcode.icon-text-id-730399744dfa410d2b45bb6118ed3dd9 .text-icon .icon-inner {\n    height: 60px;\n  }\n}\n.icon-with-text-shortcode.icon-text-id-730399744dfa410d2b45bb6118ed3dd9 .text-icon .dt-hover-icon {\n  line-height: 60px;\n}\n.icon-with-text-shortcode.icon-text-id-730399744dfa410d2b45bb6118ed3dd9 .text-icon:before,\n.icon-with-text-shortcode.icon-text-id-730399744dfa410d2b45bb6118ed3dd9 .text-icon:after,\n.icon-with-text-shortcode.icon-text-id-730399744dfa410d2b45bb6118ed3dd9 .text-icon .icon-inner:before,\n.icon-with-text-shortcode.icon-text-id-730399744dfa410d2b45bb6118ed3dd9 .text-icon .icon-inner:after {\n  min-width: 100%;\n  min-height: 100%;\n  padding: inherit;\n  border-radius: inherit;\n}\n.icon-with-text-shortcode.icon-text-id-730399744dfa410d2b45bb6118ed3dd9 .text-icon.dt-icon-border-on:before {\n  border-width: 2px;\n  border-style: solid;\n}\n.dt-icon-border-dashed.icon-with-text-shortcode.icon-text-id-730399744dfa410d2b45bb6118ed3dd9 .text-icon.dt-icon-border-on:before {\n  border-style: dashed;\n}\n.dt-icon-border-dotted.icon-with-text-shortcode.icon-text-id-730399744dfa410d2b45bb6118ed3dd9 .text-icon.dt-icon-border-on:before {\n  border-style: dotted;\n}\n.dt-icon-border-double.icon-with-text-shortcode.icon-text-id-730399744dfa410d2b45bb6118ed3dd9 .text-icon.dt-icon-border-on:before {\n  border-style: double;\n}\n.icon-with-text-shortcode.icon-text-id-730399744dfa410d2b45bb6118ed3dd9 .text-icon.dt-icon-border-dashed.dt-icon-border-on:before {\n  border-style: dashed;\n}\n.icon-with-text-shortcode.icon-text-id-730399744dfa410d2b45bb6118ed3dd9 .text-icon.dt-icon-border-dotted.dt-icon-border-on:before {\n  border-style: dotted;\n}\n.icon-with-text-shortcode.icon-text-id-730399744dfa410d2b45bb6118ed3dd9 .text-icon.dt-icon-border-double.dt-icon-border-on:before {\n  border-style: double;\n}\n.icon-with-text-shortcode.icon-text-id-730399744dfa410d2b45bb6118ed3dd9 .text-icon.dt-icon-hover-border-on:after {\n  border-width: 2px;\n  border-style: solid;\n}\n.icon-with-text-shortcode.icon-text-id-730399744dfa410d2b45bb6118ed3dd9 .text-icon.dt-icon-border-dashed.dt-icon-hover-border-on:after {\n  border-style: dashed;\n}\n.icon-with-text-shortcode.icon-text-id-730399744dfa410d2b45bb6118ed3dd9 .text-icon.dt-icon-border-dotted.dt-icon-hover-border-on:after {\n  border-style: dotted;\n}\n.icon-with-text-shortcode.icon-text-id-730399744dfa410d2b45bb6118ed3dd9 .text-icon.dt-icon-border-double.dt-icon-hover-border-on:after {\n  border-style: double;\n}\n.icon-with-text-shortcode.icon-text-id-730399744dfa410d2b45bb6118ed3dd9 .text-icon.dt-icon-hover-on:hover {\n  font-size: 32px;\n}\n#page .icon-with-text-shortcode.icon-text-id-730399744dfa410d2b45bb6118ed3dd9 .text-icon.dt-icon-hover-on:hover .soc-font-icon,\n#phantom .icon-with-text-shortcode.icon-text-id-730399744dfa410d2b45bb6118ed3dd9 .text-icon.dt-icon-hover-on:hover .soc-font-icon,\n#page .icon-with-text-shortcode.icon-text-id-730399744dfa410d2b45bb6118ed3dd9 .text-icon.dt-icon-hover-on:hover .soc-icon,\n#phantom .icon-with-text-shortcode.icon-text-id-730399744dfa410d2b45bb6118ed3dd9 .text-icon.dt-icon-hover-on:hover .soc-icon {\n  color: #fff;\n  background: none;\n}\n#page .icon-with-text-shortcode.icon-text-id-730399744dfa410d2b45bb6118ed3dd9 .text-icon.dt-icon-hover-on:not(:hover) .soc-font-icon,\n#phantom .icon-with-text-shortcode.icon-text-id-730399744dfa410d2b45bb6118ed3dd9 .text-icon.dt-icon-hover-on:not(:hover) .soc-font-icon,\n#page .icon-with-text-shortcode.icon-text-id-730399744dfa410d2b45bb6118ed3dd9 .text-icon.dt-icon-hover-on:not(:hover) .soc-icon,\n#phantom .icon-with-text-shortcode.icon-text-id-730399744dfa410d2b45bb6118ed3dd9 .text-icon.dt-icon-hover-on:not(:hover) .soc-icon,\n#page .icon-with-text-shortcode.icon-text-id-730399744dfa410d2b45bb6118ed3dd9 .text-icon.dt-icon-hover-off .soc-font-icon,\n#phantom .icon-with-text-shortcode.icon-text-id-730399744dfa410d2b45bb6118ed3dd9 .text-icon.dt-icon-hover-off .soc-font-icon,\n#page .icon-with-text-shortcode.icon-text-id-730399744dfa410d2b45bb6118ed3dd9 .text-icon.dt-icon-hover-off .soc-icon,\n#phantom .icon-with-text-shortcode.icon-text-id-730399744dfa410d2b45bb6118ed3dd9 .text-icon.dt-icon-hover-off .soc-icon {\n  color: #fff;\n  background: none;\n}\n.icon-with-text-shortcode.icon-text-id-730399744dfa410d2b45bb6118ed3dd9.layout-1 {\n  grid-template-columns: 60px minmax(0,1fr);\n  grid-column-gap: 0px;\n}\n.icon-with-text-shortcode.icon-text-id-730399744dfa410d2b45bb6118ed3dd9.layout-2 {\n  grid-template-columns: minmax(0,1fr) 60px;\n  grid-column-gap: 0px;\n}\n.icon-with-text-shortcode.icon-text-id-730399744dfa410d2b45bb6118ed3dd9.layout-2 .text-icon {\n  margin-left: 0;\n}\n.icon-with-text-shortcode.icon-text-id-730399744dfa410d2b45bb6118ed3dd9.layout-3 {\n  grid-template-columns: 60px minmax(0,1fr);\n}\n.icon-with-text-shortcode.icon-text-id-730399744dfa410d2b45bb6118ed3dd9.layout-3 .dt-text-title {\n  margin-left: 0px;\n}\n.icon-with-text-shortcode.icon-text-id-730399744dfa410d2b45bb6118ed3dd9 .dt-text-title,\n.icon-with-text-shortcode.icon-text-id-730399744dfa410d2b45bb6118ed3dd9 .dt-text-title a {\n  font-size: 16px;\n  font-weight: bold;\n}\n.icon-with-text-shortcode.icon-text-id-730399744dfa410d2b45bb6118ed3dd9 .dt-text-title {\n  margin-bottom: 10px;\n}\n.icon-with-text-shortcode.icon-text-id-730399744dfa410d2b45bb6118ed3dd9 .dt-text-desc {\n  margin-bottom: 0px;\n}\n<\/style><div class=\"icon-with-text-shortcode  icon-text-id-730399744dfa410d2b45bb6118ed3dd9 layout-2  vc_custom_1763978912454 \" ><h4 class=\"dt-text-title anchor-link\"><a class=\"anchor-link\"  href=\"https:\/\/spitalturda.ro\/wp-content\/uploads\/2025\/11\/2-Cancerul-Pancreatic-un-dialog-al-constientizarii-si-al-sperantei_Final.pdf\" target=\"_blank\" rel=\"nofollow\">Cancerul Pancreatic - un dialog al constientizarii si al sperantei<\/a><\/h4><a href=\"https:\/\/spitalturda.ro\/wp-content\/uploads\/2025\/11\/2-Cancerul-Pancreatic-un-dialog-al-constientizarii-si-al-sperantei_Final.pdf\" class=\"anchor-link  default-btn-shortcode dt-btn dt-btn-m link-hover-off\" target=\"_blank\" rel=\"noopener\"><i class=\"Defaults-download\"><\/i><span>Descarc\u0103<\/span><\/a><\/div>[vc_column_text css=&#8221;&#8221;]<a href=\"https:\/\/spitalturda.ro\/wp-content\/uploads\/2025\/11\/2-Cancerul-Pancreatic-un-dialog-al-constientizarii-si-al-sperantei_Final.pdf\" class=\"pdfemb-viewer\" style=\"\" data-width=\"max\" data-height=\"max\" data-toolbar=\"both\" data-toolbar-fixed=\"on\">2 Cancerul Pancreatic, un dialog al constientizarii si al sperantei_Final<\/a>[\/vc_column_text][\/vc_column][\/vc_row]<\/p>\n<\/div>","protected":false},"excerpt":{"rendered":"<p>[vc_row][vc_column][vc_column_text css=&#8221;&#8221;][\/vc_column_text][\/vc_column][\/vc_row][vc_row][vc_column][vc_column_text css=&#8221;&#8221;][\/vc_column_text][\/vc_column][\/vc_row]<\/p>\n","protected":false},"author":2,"featured_media":0,"parent":3341,"menu_order":0,"comment_status":"closed","ping_status":"open","template":"","meta":{"footnotes":""},"class_list":["post-11979","page","type-page","status-publish","hentry","description-off"],"_links":{"self":[{"href":"https:\/\/spitalturda.ro\/index.php\/wp-json\/wp\/v2\/pages\/11979","targetHints":{"allow":["GET"]}}],"collection":[{"href":"https:\/\/spitalturda.ro\/index.php\/wp-json\/wp\/v2\/pages"}],"about":[{"href":"https:\/\/spitalturda.ro\/index.php\/wp-json\/wp\/v2\/types\/page"}],"author":[{"embeddable":true,"href":"https:\/\/spitalturda.ro\/index.php\/wp-json\/wp\/v2\/users\/2"}],"replies":[{"embeddable":true,"href":"https:\/\/spitalturda.ro\/index.php\/wp-json\/wp\/v2\/comments?post=11979"}],"version-history":[{"count":1,"href":"https:\/\/spitalturda.ro\/index.php\/wp-json\/wp\/v2\/pages\/11979\/revisions"}],"predecessor-version":[{"id":11980,"href":"https:\/\/spitalturda.ro\/index.php\/wp-json\/wp\/v2\/pages\/11979\/revisions\/11980"}],"up":[{"embeddable":true,"href":"https:\/\/spitalturda.ro\/index.php\/wp-json\/wp\/v2\/pages\/3341"}],"wp:attachment":[{"href":"https:\/\/spitalturda.ro\/index.php\/wp-json\/wp\/v2\/media?parent=11979"}],"curies":[{"name":"wp","href":"https:\/\/api.w.org\/{rel}","templated":true}]}}