{"id":11933,"date":"2025-11-02T19:19:46","date_gmt":"2025-11-02T19:19:46","guid":{"rendered":"https:\/\/spitalturda.ro\/?page_id=11933"},"modified":"2026-03-12T06:21:24","modified_gmt":"2026-03-12T06:21:24","slug":"date-si-informatii-referitoare-la-activitatea-spitalului","status":"publish","type":"page","link":"https:\/\/spitalturda.ro\/index.php\/interes-public\/date-si-informatii-referitoare-la-activitatea-spitalului\/","title":{"rendered":"Date \u0219i informa\u021bii referitoare la activitatea spitalului"},"content":{"rendered":"<div class=\"wpb-content-wrapper\"><p>[vc_row][vc_column]<div class=\"dt-fancy-separator title-left h3-size\" style=\"width: 100%;\"><div class=\"dt-fancy-title\"><span class=\"separator-holder separator-left\"><\/span>Date si informatii referitoare la activitatea spitalului<span class=\"separator-holder separator-right\"><\/span><\/div><\/div><style type=\"text\/css\" data-type=\"the7_shortcodes-inline-css\">.icon-with-text-shortcode.icon-text-id-5dadc117399716563aabf7a088c7ec47 .text-icon {\n  width: 60px;\n  height: 60px;\n  line-height: 60px;\n  font-size: 32px;\n  border-radius: 200px;\n  margin: 0px 0px 0px 0px;\n}\n.icon-with-text-shortcode.icon-text-id-5dadc117399716563aabf7a088c7ec47 .text-icon .icon-inner {\n  min-width: 60px;\n  min-height: 60px;\n  border-radius: 200px;\n}\n@media all and (-ms-high-contrast: none) {\n  .icon-with-text-shortcode.icon-text-id-5dadc117399716563aabf7a088c7ec47 .text-icon .icon-inner {\n    height: 60px;\n  }\n}\n.icon-with-text-shortcode.icon-text-id-5dadc117399716563aabf7a088c7ec47 .text-icon .dt-hover-icon {\n  line-height: 60px;\n}\n.icon-with-text-shortcode.icon-text-id-5dadc117399716563aabf7a088c7ec47 .text-icon:before,\n.icon-with-text-shortcode.icon-text-id-5dadc117399716563aabf7a088c7ec47 .text-icon:after,\n.icon-with-text-shortcode.icon-text-id-5dadc117399716563aabf7a088c7ec47 .text-icon .icon-inner:before,\n.icon-with-text-shortcode.icon-text-id-5dadc117399716563aabf7a088c7ec47 .text-icon .icon-inner:after {\n  min-width: 100%;\n  min-height: 100%;\n  padding: inherit;\n  border-radius: inherit;\n}\n.icon-with-text-shortcode.icon-text-id-5dadc117399716563aabf7a088c7ec47 .text-icon.dt-icon-border-on:before {\n  border-width: 2px;\n  border-style: solid;\n}\n.dt-icon-border-dashed.icon-with-text-shortcode.icon-text-id-5dadc117399716563aabf7a088c7ec47 .text-icon.dt-icon-border-on:before {\n  border-style: dashed;\n}\n.dt-icon-border-dotted.icon-with-text-shortcode.icon-text-id-5dadc117399716563aabf7a088c7ec47 .text-icon.dt-icon-border-on:before {\n  border-style: dotted;\n}\n.dt-icon-border-double.icon-with-text-shortcode.icon-text-id-5dadc117399716563aabf7a088c7ec47 .text-icon.dt-icon-border-on:before {\n  border-style: double;\n}\n.icon-with-text-shortcode.icon-text-id-5dadc117399716563aabf7a088c7ec47 .text-icon.dt-icon-border-dashed.dt-icon-border-on:before {\n  border-style: dashed;\n}\n.icon-with-text-shortcode.icon-text-id-5dadc117399716563aabf7a088c7ec47 .text-icon.dt-icon-border-dotted.dt-icon-border-on:before {\n  border-style: dotted;\n}\n.icon-with-text-shortcode.icon-text-id-5dadc117399716563aabf7a088c7ec47 .text-icon.dt-icon-border-double.dt-icon-border-on:before {\n  border-style: double;\n}\n.icon-with-text-shortcode.icon-text-id-5dadc117399716563aabf7a088c7ec47 .text-icon.dt-icon-hover-border-on:after {\n  border-width: 2px;\n  border-style: solid;\n}\n.icon-with-text-shortcode.icon-text-id-5dadc117399716563aabf7a088c7ec47 .text-icon.dt-icon-border-dashed.dt-icon-hover-border-on:after {\n  border-style: dashed;\n}\n.icon-with-text-shortcode.icon-text-id-5dadc117399716563aabf7a088c7ec47 .text-icon.dt-icon-border-dotted.dt-icon-hover-border-on:after {\n  border-style: dotted;\n}\n.icon-with-text-shortcode.icon-text-id-5dadc117399716563aabf7a088c7ec47 .text-icon.dt-icon-border-double.dt-icon-hover-border-on:after {\n  border-style: double;\n}\n.icon-with-text-shortcode.icon-text-id-5dadc117399716563aabf7a088c7ec47 .text-icon.dt-icon-hover-on:hover {\n  font-size: 32px;\n}\n#page .icon-with-text-shortcode.icon-text-id-5dadc117399716563aabf7a088c7ec47 .text-icon.dt-icon-hover-on:hover .soc-font-icon,\n#phantom .icon-with-text-shortcode.icon-text-id-5dadc117399716563aabf7a088c7ec47 .text-icon.dt-icon-hover-on:hover .soc-font-icon,\n#page .icon-with-text-shortcode.icon-text-id-5dadc117399716563aabf7a088c7ec47 .text-icon.dt-icon-hover-on:hover .soc-icon,\n#phantom .icon-with-text-shortcode.icon-text-id-5dadc117399716563aabf7a088c7ec47 .text-icon.dt-icon-hover-on:hover .soc-icon {\n  color: #fff;\n  background: none;\n}\n#page .icon-with-text-shortcode.icon-text-id-5dadc117399716563aabf7a088c7ec47 .text-icon.dt-icon-hover-on:not(:hover) .soc-font-icon,\n#phantom .icon-with-text-shortcode.icon-text-id-5dadc117399716563aabf7a088c7ec47 .text-icon.dt-icon-hover-on:not(:hover) .soc-font-icon,\n#page .icon-with-text-shortcode.icon-text-id-5dadc117399716563aabf7a088c7ec47 .text-icon.dt-icon-hover-on:not(:hover) .soc-icon,\n#phantom .icon-with-text-shortcode.icon-text-id-5dadc117399716563aabf7a088c7ec47 .text-icon.dt-icon-hover-on:not(:hover) .soc-icon,\n#page .icon-with-text-shortcode.icon-text-id-5dadc117399716563aabf7a088c7ec47 .text-icon.dt-icon-hover-off .soc-font-icon,\n#phantom .icon-with-text-shortcode.icon-text-id-5dadc117399716563aabf7a088c7ec47 .text-icon.dt-icon-hover-off .soc-font-icon,\n#page .icon-with-text-shortcode.icon-text-id-5dadc117399716563aabf7a088c7ec47 .text-icon.dt-icon-hover-off .soc-icon,\n#phantom .icon-with-text-shortcode.icon-text-id-5dadc117399716563aabf7a088c7ec47 .text-icon.dt-icon-hover-off .soc-icon {\n  color: #fff;\n  background: none;\n}\n.icon-with-text-shortcode.icon-text-id-5dadc117399716563aabf7a088c7ec47.layout-1 {\n  grid-template-columns: 60px minmax(0,1fr);\n  grid-column-gap: 0px;\n}\n.icon-with-text-shortcode.icon-text-id-5dadc117399716563aabf7a088c7ec47.layout-2 {\n  grid-template-columns: minmax(0,1fr) 60px;\n  grid-column-gap: 0px;\n}\n.icon-with-text-shortcode.icon-text-id-5dadc117399716563aabf7a088c7ec47.layout-2 .text-icon {\n  margin-left: 0;\n}\n.icon-with-text-shortcode.icon-text-id-5dadc117399716563aabf7a088c7ec47.layout-3 {\n  grid-template-columns: 60px minmax(0,1fr);\n}\n.icon-with-text-shortcode.icon-text-id-5dadc117399716563aabf7a088c7ec47.layout-3 .dt-text-title {\n  margin-left: 0px;\n}\n.icon-with-text-shortcode.icon-text-id-5dadc117399716563aabf7a088c7ec47 .dt-text-title,\n.icon-with-text-shortcode.icon-text-id-5dadc117399716563aabf7a088c7ec47 .dt-text-title a {\n  font-size: 16px;\n  font-weight: bold;\n}\n.icon-with-text-shortcode.icon-text-id-5dadc117399716563aabf7a088c7ec47 .dt-text-title {\n  margin-bottom: 10px;\n}\n.icon-with-text-shortcode.icon-text-id-5dadc117399716563aabf7a088c7ec47 .dt-text-desc {\n  margin-bottom: 0px;\n}\n<\/style><div class=\"icon-with-text-shortcode  icon-text-id-5dadc117399716563aabf7a088c7ec47 layout-2  vc_custom_1773296458346 \" ><h4 class=\"dt-text-title anchor-link\"><a class=\"anchor-link\"  href=\"https:\/\/spitalturda.ro\/wp-content\/uploads\/2026\/03\/Meniu.pdf\" target=\"_blank\" rel=\"nofollow\">Meniu s\u0103pt\u0103m\u00e2nal<\/a><\/h4><a href=\"https:\/\/spitalturda.ro\/wp-content\/uploads\/2026\/03\/Meniu.pdf\" class=\"anchor-link  default-btn-shortcode dt-btn dt-btn-m link-hover-off\" target=\"_blank\" rel=\"noopener\"><i class=\"Defaults-download\"><\/i><span>Descarc\u0103<\/span><\/a><\/div>[vc_column_text css=&#8221;&#8221;]<a href=\"https:\/\/spitalturda.ro\/wp-content\/uploads\/2026\/03\/Meniu.pdf\" class=\"pdfemb-viewer\" style=\"\" data-width=\"max\" data-height=\"max\" data-toolbar=\"both\" data-toolbar-fixed=\"on\">Meniu<\/a>[\/vc_column_text][\/vc_column][\/vc_row][vc_row][vc_column]<style type=\"text\/css\" data-type=\"the7_shortcodes-inline-css\">.icon-with-text-shortcode.icon-text-id-7af7b039904f20f52ff7a29eb5b7004a .text-icon {\n  width: 60px;\n  height: 60px;\n  line-height: 60px;\n  font-size: 32px;\n  border-radius: 200px;\n  margin: 0px 0px 0px 0px;\n}\n.icon-with-text-shortcode.icon-text-id-7af7b039904f20f52ff7a29eb5b7004a .text-icon .icon-inner {\n  min-width: 60px;\n  min-height: 60px;\n  border-radius: 200px;\n}\n@media all and (-ms-high-contrast: none) {\n  .icon-with-text-shortcode.icon-text-id-7af7b039904f20f52ff7a29eb5b7004a .text-icon .icon-inner {\n    height: 60px;\n  }\n}\n.icon-with-text-shortcode.icon-text-id-7af7b039904f20f52ff7a29eb5b7004a .text-icon .dt-hover-icon {\n  line-height: 60px;\n}\n.icon-with-text-shortcode.icon-text-id-7af7b039904f20f52ff7a29eb5b7004a .text-icon:before,\n.icon-with-text-shortcode.icon-text-id-7af7b039904f20f52ff7a29eb5b7004a .text-icon:after,\n.icon-with-text-shortcode.icon-text-id-7af7b039904f20f52ff7a29eb5b7004a .text-icon .icon-inner:before,\n.icon-with-text-shortcode.icon-text-id-7af7b039904f20f52ff7a29eb5b7004a .text-icon .icon-inner:after {\n  min-width: 100%;\n  min-height: 100%;\n  padding: inherit;\n  border-radius: inherit;\n}\n.icon-with-text-shortcode.icon-text-id-7af7b039904f20f52ff7a29eb5b7004a .text-icon.dt-icon-border-on:before {\n  border-width: 2px;\n  border-style: solid;\n}\n.dt-icon-border-dashed.icon-with-text-shortcode.icon-text-id-7af7b039904f20f52ff7a29eb5b7004a .text-icon.dt-icon-border-on:before {\n  border-style: dashed;\n}\n.dt-icon-border-dotted.icon-with-text-shortcode.icon-text-id-7af7b039904f20f52ff7a29eb5b7004a .text-icon.dt-icon-border-on:before {\n  border-style: dotted;\n}\n.dt-icon-border-double.icon-with-text-shortcode.icon-text-id-7af7b039904f20f52ff7a29eb5b7004a .text-icon.dt-icon-border-on:before {\n  border-style: double;\n}\n.icon-with-text-shortcode.icon-text-id-7af7b039904f20f52ff7a29eb5b7004a .text-icon.dt-icon-border-dashed.dt-icon-border-on:before {\n  border-style: dashed;\n}\n.icon-with-text-shortcode.icon-text-id-7af7b039904f20f52ff7a29eb5b7004a .text-icon.dt-icon-border-dotted.dt-icon-border-on:before {\n  border-style: dotted;\n}\n.icon-with-text-shortcode.icon-text-id-7af7b039904f20f52ff7a29eb5b7004a .text-icon.dt-icon-border-double.dt-icon-border-on:before {\n  border-style: double;\n}\n.icon-with-text-shortcode.icon-text-id-7af7b039904f20f52ff7a29eb5b7004a .text-icon.dt-icon-hover-border-on:after {\n  border-width: 2px;\n  border-style: solid;\n}\n.icon-with-text-shortcode.icon-text-id-7af7b039904f20f52ff7a29eb5b7004a .text-icon.dt-icon-border-dashed.dt-icon-hover-border-on:after {\n  border-style: dashed;\n}\n.icon-with-text-shortcode.icon-text-id-7af7b039904f20f52ff7a29eb5b7004a .text-icon.dt-icon-border-dotted.dt-icon-hover-border-on:after {\n  border-style: dotted;\n}\n.icon-with-text-shortcode.icon-text-id-7af7b039904f20f52ff7a29eb5b7004a .text-icon.dt-icon-border-double.dt-icon-hover-border-on:after {\n  border-style: double;\n}\n.icon-with-text-shortcode.icon-text-id-7af7b039904f20f52ff7a29eb5b7004a .text-icon.dt-icon-hover-on:hover {\n  font-size: 32px;\n}\n#page .icon-with-text-shortcode.icon-text-id-7af7b039904f20f52ff7a29eb5b7004a .text-icon.dt-icon-hover-on:hover .soc-font-icon,\n#phantom .icon-with-text-shortcode.icon-text-id-7af7b039904f20f52ff7a29eb5b7004a .text-icon.dt-icon-hover-on:hover .soc-font-icon,\n#page .icon-with-text-shortcode.icon-text-id-7af7b039904f20f52ff7a29eb5b7004a .text-icon.dt-icon-hover-on:hover .soc-icon,\n#phantom .icon-with-text-shortcode.icon-text-id-7af7b039904f20f52ff7a29eb5b7004a .text-icon.dt-icon-hover-on:hover .soc-icon {\n  color: #fff;\n  background: none;\n}\n#page .icon-with-text-shortcode.icon-text-id-7af7b039904f20f52ff7a29eb5b7004a .text-icon.dt-icon-hover-on:not(:hover) .soc-font-icon,\n#phantom .icon-with-text-shortcode.icon-text-id-7af7b039904f20f52ff7a29eb5b7004a .text-icon.dt-icon-hover-on:not(:hover) .soc-font-icon,\n#page .icon-with-text-shortcode.icon-text-id-7af7b039904f20f52ff7a29eb5b7004a .text-icon.dt-icon-hover-on:not(:hover) .soc-icon,\n#phantom .icon-with-text-shortcode.icon-text-id-7af7b039904f20f52ff7a29eb5b7004a .text-icon.dt-icon-hover-on:not(:hover) .soc-icon,\n#page .icon-with-text-shortcode.icon-text-id-7af7b039904f20f52ff7a29eb5b7004a .text-icon.dt-icon-hover-off .soc-font-icon,\n#phantom .icon-with-text-shortcode.icon-text-id-7af7b039904f20f52ff7a29eb5b7004a .text-icon.dt-icon-hover-off .soc-font-icon,\n#page .icon-with-text-shortcode.icon-text-id-7af7b039904f20f52ff7a29eb5b7004a .text-icon.dt-icon-hover-off .soc-icon,\n#phantom .icon-with-text-shortcode.icon-text-id-7af7b039904f20f52ff7a29eb5b7004a .text-icon.dt-icon-hover-off .soc-icon {\n  color: #fff;\n  background: none;\n}\n.icon-with-text-shortcode.icon-text-id-7af7b039904f20f52ff7a29eb5b7004a.layout-1 {\n  grid-template-columns: 60px minmax(0,1fr);\n  grid-column-gap: 0px;\n}\n.icon-with-text-shortcode.icon-text-id-7af7b039904f20f52ff7a29eb5b7004a.layout-2 {\n  grid-template-columns: minmax(0,1fr) 60px;\n  grid-column-gap: 0px;\n}\n.icon-with-text-shortcode.icon-text-id-7af7b039904f20f52ff7a29eb5b7004a.layout-2 .text-icon {\n  margin-left: 0;\n}\n.icon-with-text-shortcode.icon-text-id-7af7b039904f20f52ff7a29eb5b7004a.layout-3 {\n  grid-template-columns: 60px minmax(0,1fr);\n}\n.icon-with-text-shortcode.icon-text-id-7af7b039904f20f52ff7a29eb5b7004a.layout-3 .dt-text-title {\n  margin-left: 0px;\n}\n.icon-with-text-shortcode.icon-text-id-7af7b039904f20f52ff7a29eb5b7004a .dt-text-title,\n.icon-with-text-shortcode.icon-text-id-7af7b039904f20f52ff7a29eb5b7004a .dt-text-title a {\n  font-size: 16px;\n  font-weight: bold;\n}\n.icon-with-text-shortcode.icon-text-id-7af7b039904f20f52ff7a29eb5b7004a .dt-text-title {\n  margin-bottom: 10px;\n}\n.icon-with-text-shortcode.icon-text-id-7af7b039904f20f52ff7a29eb5b7004a .dt-text-desc {\n  margin-bottom: 0px;\n}\n<\/style><div class=\"icon-with-text-shortcode  icon-text-id-7af7b039904f20f52ff7a29eb5b7004a layout-2  vc_custom_1773042914506 \" ><h4 class=\"dt-text-title anchor-link\"><a class=\"anchor-link\"  href=\"https:\/\/spitalturda.ro\/wp-content\/uploads\/2026\/03\/Datele-si-informatiile-referitoare-la-activitatea-spitalului-public.pdf\" target=\"_blank\" rel=\"nofollow\">Anexa-Date si informatiile referitoare la activitatea spitalului public<\/a><\/h4><a href=\"https:\/\/spitalturda.ro\/wp-content\/uploads\/2026\/03\/Datele-si-informatiile-referitoare-la-activitatea-spitalului-public.pdf\" class=\"anchor-link  default-btn-shortcode dt-btn dt-btn-m link-hover-off\" target=\"_blank\" rel=\"noopener\"><i class=\"Defaults-download\"><\/i><span>Descarc\u0103<\/span><\/a><\/div>[vc_column_text css=&#8221;&#8221;]<a href=\"https:\/\/spitalturda.ro\/wp-content\/uploads\/2026\/03\/Datele-si-informatiile-referitoare-la-activitatea-spitalului-public.pdf\" class=\"pdfemb-viewer\" style=\"\" data-width=\"max\" data-height=\"max\" data-toolbar=\"both\" data-toolbar-fixed=\"on\">Datele si informatiile referitoare la activitatea spitalului public<\/a>[\/vc_column_text][\/vc_column][\/vc_row]<\/p>\n<\/div>","protected":false},"excerpt":{"rendered":"<p>[vc_row][vc_column][vc_column_text css=&#8221;&#8221;][\/vc_column_text][\/vc_column][\/vc_row][vc_row][vc_column][vc_column_text css=&#8221;&#8221;][\/vc_column_text][\/vc_column][\/vc_row]<\/p>\n","protected":false},"author":2,"featured_media":0,"parent":3094,"menu_order":0,"comment_status":"closed","ping_status":"open","template":"","meta":{"footnotes":""},"class_list":["post-11933","page","type-page","status-publish","hentry","description-off"],"_links":{"self":[{"href":"https:\/\/spitalturda.ro\/index.php\/wp-json\/wp\/v2\/pages\/11933","targetHints":{"allow":["GET"]}}],"collection":[{"href":"https:\/\/spitalturda.ro\/index.php\/wp-json\/wp\/v2\/pages"}],"about":[{"href":"https:\/\/spitalturda.ro\/index.php\/wp-json\/wp\/v2\/types\/page"}],"author":[{"embeddable":true,"href":"https:\/\/spitalturda.ro\/index.php\/wp-json\/wp\/v2\/users\/2"}],"replies":[{"embeddable":true,"href":"https:\/\/spitalturda.ro\/index.php\/wp-json\/wp\/v2\/comments?post=11933"}],"version-history":[{"count":7,"href":"https:\/\/spitalturda.ro\/index.php\/wp-json\/wp\/v2\/pages\/11933\/revisions"}],"predecessor-version":[{"id":12145,"href":"https:\/\/spitalturda.ro\/index.php\/wp-json\/wp\/v2\/pages\/11933\/revisions\/12145"}],"up":[{"embeddable":true,"href":"https:\/\/spitalturda.ro\/index.php\/wp-json\/wp\/v2\/pages\/3094"}],"wp:attachment":[{"href":"https:\/\/spitalturda.ro\/index.php\/wp-json\/wp\/v2\/media?parent=11933"}],"curies":[{"name":"wp","href":"https:\/\/api.w.org\/{rel}","templated":true}]}}