{"id":11728,"date":"2025-07-29T06:22:08","date_gmt":"2025-07-29T06:22:08","guid":{"rendered":"https:\/\/spitalturda.ro\/?page_id=11728"},"modified":"2025-07-29T06:22:20","modified_gmt":"2025-07-29T06:22:20","slug":"contestarea-deciziei-spitalului-in-situatia-in-care-persoana-se-considera-vatamata-in-privinta-dreptului-de-acces-la-informatii-de-interes-public","status":"publish","type":"page","link":"https:\/\/spitalturda.ro\/index.php\/contestarea-deciziei-spitalului-in-situatia-in-care-persoana-se-considera-vatamata-in-privinta-dreptului-de-acces-la-informatii-de-interes-public\/","title":{"rendered":"Contestarea deciziei spitalului in situatia in care persoana se considera vatamata in privinta dreptului de acces la informatii de interes public"},"content":{"rendered":"<div class=\"wpb-content-wrapper\"><p>[vc_section][vc_row][vc_column]<div id=\"ultimate-heading-164769e5f0ea4fc17\" class=\"uvc-heading ult-adjust-bottom-margin ultimate-heading-164769e5f0ea4fc17 uvc-7031  uvc-heading-default-font-sizes\" data-hspacer=\"no_spacer\"  data-halign=\"left\" style=\"text-align:left\"><div class=\"uvc-heading-spacer no_spacer\" style=\"top\"><\/div><div class=\"uvc-main-heading ult-responsive\"  data-ultimate-target='.uvc-heading.ultimate-heading-164769e5f0ea4fc17 h5'  data-responsive-json-new='{\"font-size\":\"\",\"line-height\":\"\"}' ><h5 style=\"--font-weight:theme;\">Contestarea deciziei spitalului in situatia in care persoana se considera vatamata in privinta dreptului de acces la informatii de interes public<\/h5><\/div><div class=\"uvc-sub-heading ult-responsive\"  data-ultimate-target='.uvc-heading.ultimate-heading-164769e5f0ea4fc17 .uvc-sub-heading '  data-responsive-json-new='{\"font-size\":\"\",\"line-height\":\"\"}'  style=\"font-weight:normal;\"><\/p>\n<div>\n<p class=\"ydp2f7bd4b8MsoNormal\"><span lang=\"EN-US\">\u00a0(art 21 Lg 544\/2001) \u00cempotriva refuzului prev\u0103zut la alin. (1) se poate depune reclama\u021bie la conduc\u0103torul autorit\u0103\u021bii sau al institu\u021biei publice respective \u00een termen de 30 de zile de la luarea la cuno\u0219tin\u021b\u0103 de c\u0103tre persoana lezat\u0103. Reclamatia aministrativa este prevazuta in anexa 5 a HG 123\/2002<\/span><\/p>\n<p class=\"ydp2f7bd4b8MsoNormal\"><span lang=\"EN-US\">(art 22 Lg 544\/2001) \u00cen cazul \u00een care o persoana se considera v\u0103t\u0103mat\u0103 \u00een drepturile sale, prev\u0103zute \u00een prezenta lege, aceasta poate face pl\u00e2ngere la sec\u021bia de contencios administrativ a tribunalului \u00een a carei raza teritorial\u0103 domiciliaz\u0103 sau \u00een a carei raza teritorial\u0103 se afla sediul autorit\u0103\u021bii ori al institu\u021biei publice. Pl\u00e2ngerea se face \u00een termen de 30 de zile de la data expir\u0103rii termenului prev\u0103zut la art. 7.(primirea raspunsului de catre petent)<\/span><\/p>\n<\/div>\n<p><\/div><\/div>[\/vc_column][\/vc_row][vc_row][vc_column width=&#8221;1\/2&#8243;]<style type=\"text\/css\" data-type=\"the7_shortcodes-inline-css\">.icon-with-text-shortcode.icon-text-id-703da795b2bb0d2961371bbf67ce6124 .text-icon {\n  width: 60px;\n  height: 60px;\n  line-height: 60px;\n  font-size: 32px;\n  border-radius: 200px;\n  margin: 0px 0px 0px 0px;\n}\n.icon-with-text-shortcode.icon-text-id-703da795b2bb0d2961371bbf67ce6124 .text-icon .icon-inner {\n  min-width: 60px;\n  min-height: 60px;\n  border-radius: 200px;\n}\n@media all and (-ms-high-contrast: none) {\n  .icon-with-text-shortcode.icon-text-id-703da795b2bb0d2961371bbf67ce6124 .text-icon .icon-inner {\n    height: 60px;\n  }\n}\n.icon-with-text-shortcode.icon-text-id-703da795b2bb0d2961371bbf67ce6124 .text-icon .dt-hover-icon {\n  line-height: 60px;\n}\n.icon-with-text-shortcode.icon-text-id-703da795b2bb0d2961371bbf67ce6124 .text-icon:before,\n.icon-with-text-shortcode.icon-text-id-703da795b2bb0d2961371bbf67ce6124 .text-icon:after,\n.icon-with-text-shortcode.icon-text-id-703da795b2bb0d2961371bbf67ce6124 .text-icon .icon-inner:before,\n.icon-with-text-shortcode.icon-text-id-703da795b2bb0d2961371bbf67ce6124 .text-icon .icon-inner:after {\n  min-width: 100%;\n  min-height: 100%;\n  padding: inherit;\n  border-radius: inherit;\n}\n.icon-with-text-shortcode.icon-text-id-703da795b2bb0d2961371bbf67ce6124 .text-icon.dt-icon-border-on:before {\n  border-width: 2px;\n  border-style: solid;\n}\n.dt-icon-border-dashed.icon-with-text-shortcode.icon-text-id-703da795b2bb0d2961371bbf67ce6124 .text-icon.dt-icon-border-on:before {\n  border-style: dashed;\n}\n.dt-icon-border-dotted.icon-with-text-shortcode.icon-text-id-703da795b2bb0d2961371bbf67ce6124 .text-icon.dt-icon-border-on:before {\n  border-style: dotted;\n}\n.dt-icon-border-double.icon-with-text-shortcode.icon-text-id-703da795b2bb0d2961371bbf67ce6124 .text-icon.dt-icon-border-on:before {\n  border-style: double;\n}\n.icon-with-text-shortcode.icon-text-id-703da795b2bb0d2961371bbf67ce6124 .text-icon.dt-icon-border-dashed.dt-icon-border-on:before {\n  border-style: dashed;\n}\n.icon-with-text-shortcode.icon-text-id-703da795b2bb0d2961371bbf67ce6124 .text-icon.dt-icon-border-dotted.dt-icon-border-on:before {\n  border-style: dotted;\n}\n.icon-with-text-shortcode.icon-text-id-703da795b2bb0d2961371bbf67ce6124 .text-icon.dt-icon-border-double.dt-icon-border-on:before {\n  border-style: double;\n}\n.icon-with-text-shortcode.icon-text-id-703da795b2bb0d2961371bbf67ce6124 .text-icon.dt-icon-hover-border-on:after {\n  border-width: 2px;\n  border-style: solid;\n}\n.icon-with-text-shortcode.icon-text-id-703da795b2bb0d2961371bbf67ce6124 .text-icon.dt-icon-border-dashed.dt-icon-hover-border-on:after {\n  border-style: dashed;\n}\n.icon-with-text-shortcode.icon-text-id-703da795b2bb0d2961371bbf67ce6124 .text-icon.dt-icon-border-dotted.dt-icon-hover-border-on:after {\n  border-style: dotted;\n}\n.icon-with-text-shortcode.icon-text-id-703da795b2bb0d2961371bbf67ce6124 .text-icon.dt-icon-border-double.dt-icon-hover-border-on:after {\n  border-style: double;\n}\n.icon-with-text-shortcode.icon-text-id-703da795b2bb0d2961371bbf67ce6124 .text-icon.dt-icon-hover-on:hover {\n  font-size: 32px;\n}\n#page .icon-with-text-shortcode.icon-text-id-703da795b2bb0d2961371bbf67ce6124 .text-icon.dt-icon-hover-on:hover .soc-font-icon,\n#phantom .icon-with-text-shortcode.icon-text-id-703da795b2bb0d2961371bbf67ce6124 .text-icon.dt-icon-hover-on:hover .soc-font-icon,\n#page .icon-with-text-shortcode.icon-text-id-703da795b2bb0d2961371bbf67ce6124 .text-icon.dt-icon-hover-on:hover .soc-icon,\n#phantom .icon-with-text-shortcode.icon-text-id-703da795b2bb0d2961371bbf67ce6124 .text-icon.dt-icon-hover-on:hover .soc-icon {\n  color: #fff;\n  background: none;\n}\n#page .icon-with-text-shortcode.icon-text-id-703da795b2bb0d2961371bbf67ce6124 .text-icon.dt-icon-hover-on:not(:hover) .soc-font-icon,\n#phantom .icon-with-text-shortcode.icon-text-id-703da795b2bb0d2961371bbf67ce6124 .text-icon.dt-icon-hover-on:not(:hover) .soc-font-icon,\n#page .icon-with-text-shortcode.icon-text-id-703da795b2bb0d2961371bbf67ce6124 .text-icon.dt-icon-hover-on:not(:hover) .soc-icon,\n#phantom .icon-with-text-shortcode.icon-text-id-703da795b2bb0d2961371bbf67ce6124 .text-icon.dt-icon-hover-on:not(:hover) .soc-icon,\n#page .icon-with-text-shortcode.icon-text-id-703da795b2bb0d2961371bbf67ce6124 .text-icon.dt-icon-hover-off .soc-font-icon,\n#phantom .icon-with-text-shortcode.icon-text-id-703da795b2bb0d2961371bbf67ce6124 .text-icon.dt-icon-hover-off .soc-font-icon,\n#page .icon-with-text-shortcode.icon-text-id-703da795b2bb0d2961371bbf67ce6124 .text-icon.dt-icon-hover-off .soc-icon,\n#phantom .icon-with-text-shortcode.icon-text-id-703da795b2bb0d2961371bbf67ce6124 .text-icon.dt-icon-hover-off .soc-icon {\n  color: #fff;\n  background: none;\n}\n.icon-with-text-shortcode.icon-text-id-703da795b2bb0d2961371bbf67ce6124.layout-1 {\n  grid-template-columns: 60px minmax(0,1fr);\n  grid-column-gap: 0px;\n}\n.icon-with-text-shortcode.icon-text-id-703da795b2bb0d2961371bbf67ce6124.layout-2 {\n  grid-template-columns: minmax(0,1fr) 60px;\n  grid-column-gap: 0px;\n}\n.icon-with-text-shortcode.icon-text-id-703da795b2bb0d2961371bbf67ce6124.layout-2 .text-icon {\n  margin-left: 0;\n}\n.icon-with-text-shortcode.icon-text-id-703da795b2bb0d2961371bbf67ce6124.layout-3 {\n  grid-template-columns: 60px minmax(0,1fr);\n}\n.icon-with-text-shortcode.icon-text-id-703da795b2bb0d2961371bbf67ce6124.layout-3 .dt-text-title {\n  margin-left: 0px;\n}\n.icon-with-text-shortcode.icon-text-id-703da795b2bb0d2961371bbf67ce6124 .dt-text-title,\n.icon-with-text-shortcode.icon-text-id-703da795b2bb0d2961371bbf67ce6124 .dt-text-title a {\n  font-size: 16px;\n  font-weight: bold;\n}\n.icon-with-text-shortcode.icon-text-id-703da795b2bb0d2961371bbf67ce6124 .dt-text-title {\n  margin-bottom: 10px;\n}\n.icon-with-text-shortcode.icon-text-id-703da795b2bb0d2961371bbf67ce6124 .dt-text-desc {\n  margin-bottom: 0px;\n}\n<\/style><div class=\"icon-with-text-shortcode  icon-text-id-703da795b2bb0d2961371bbf67ce6124 layout-4  vc_custom_1753767565311 \" ><h4 class=\"dt-text-title anchor-link\"><a class=\"anchor-link\"  href=\"https:\/\/spitalturda.ro\/wp-content\/uploads\/2025\/07\/anexa-5-Reclamatie-informatii-interes-public-raspuns-negativ-.docx\" target=\"_blank\" rel=\"nofollow\">Reclama\u021bie informa\u021bii interes public r\u0103spuns negativ<\/a><\/h4><a href=\"https:\/\/spitalturda.ro\/wp-content\/uploads\/2025\/07\/anexa-5-Reclamatie-informatii-interes-public-raspuns-negativ-.docx\" class=\"anchor-link  default-btn-shortcode dt-btn dt-btn-m link-hover-off\" target=\"_blank\" rel=\"noopener\"><i class=\"Defaults-download\"><\/i><span>Descarc\u0103<\/span><\/a><\/div>[\/vc_column][vc_column width=&#8221;1\/2&#8243;]<style type=\"text\/css\" data-type=\"the7_shortcodes-inline-css\">.icon-with-text-shortcode.icon-text-id-f58ca95d28a5d76c46ce40416a0a2c8c .text-icon {\n  width: 60px;\n  height: 60px;\n  line-height: 60px;\n  font-size: 32px;\n  border-radius: 200px;\n  margin: 0px 0px 0px 0px;\n}\n.icon-with-text-shortcode.icon-text-id-f58ca95d28a5d76c46ce40416a0a2c8c .text-icon .icon-inner {\n  min-width: 60px;\n  min-height: 60px;\n  border-radius: 200px;\n}\n@media all and (-ms-high-contrast: none) {\n  .icon-with-text-shortcode.icon-text-id-f58ca95d28a5d76c46ce40416a0a2c8c .text-icon .icon-inner {\n    height: 60px;\n  }\n}\n.icon-with-text-shortcode.icon-text-id-f58ca95d28a5d76c46ce40416a0a2c8c .text-icon .dt-hover-icon {\n  line-height: 60px;\n}\n.icon-with-text-shortcode.icon-text-id-f58ca95d28a5d76c46ce40416a0a2c8c .text-icon:before,\n.icon-with-text-shortcode.icon-text-id-f58ca95d28a5d76c46ce40416a0a2c8c .text-icon:after,\n.icon-with-text-shortcode.icon-text-id-f58ca95d28a5d76c46ce40416a0a2c8c .text-icon .icon-inner:before,\n.icon-with-text-shortcode.icon-text-id-f58ca95d28a5d76c46ce40416a0a2c8c .text-icon .icon-inner:after {\n  min-width: 100%;\n  min-height: 100%;\n  padding: inherit;\n  border-radius: inherit;\n}\n.icon-with-text-shortcode.icon-text-id-f58ca95d28a5d76c46ce40416a0a2c8c .text-icon.dt-icon-border-on:before {\n  border-width: 2px;\n  border-style: solid;\n}\n.dt-icon-border-dashed.icon-with-text-shortcode.icon-text-id-f58ca95d28a5d76c46ce40416a0a2c8c .text-icon.dt-icon-border-on:before {\n  border-style: dashed;\n}\n.dt-icon-border-dotted.icon-with-text-shortcode.icon-text-id-f58ca95d28a5d76c46ce40416a0a2c8c .text-icon.dt-icon-border-on:before {\n  border-style: dotted;\n}\n.dt-icon-border-double.icon-with-text-shortcode.icon-text-id-f58ca95d28a5d76c46ce40416a0a2c8c .text-icon.dt-icon-border-on:before {\n  border-style: double;\n}\n.icon-with-text-shortcode.icon-text-id-f58ca95d28a5d76c46ce40416a0a2c8c .text-icon.dt-icon-border-dashed.dt-icon-border-on:before {\n  border-style: dashed;\n}\n.icon-with-text-shortcode.icon-text-id-f58ca95d28a5d76c46ce40416a0a2c8c .text-icon.dt-icon-border-dotted.dt-icon-border-on:before {\n  border-style: dotted;\n}\n.icon-with-text-shortcode.icon-text-id-f58ca95d28a5d76c46ce40416a0a2c8c .text-icon.dt-icon-border-double.dt-icon-border-on:before {\n  border-style: double;\n}\n.icon-with-text-shortcode.icon-text-id-f58ca95d28a5d76c46ce40416a0a2c8c .text-icon.dt-icon-hover-border-on:after {\n  border-width: 2px;\n  border-style: solid;\n}\n.icon-with-text-shortcode.icon-text-id-f58ca95d28a5d76c46ce40416a0a2c8c .text-icon.dt-icon-border-dashed.dt-icon-hover-border-on:after {\n  border-style: dashed;\n}\n.icon-with-text-shortcode.icon-text-id-f58ca95d28a5d76c46ce40416a0a2c8c .text-icon.dt-icon-border-dotted.dt-icon-hover-border-on:after {\n  border-style: dotted;\n}\n.icon-with-text-shortcode.icon-text-id-f58ca95d28a5d76c46ce40416a0a2c8c .text-icon.dt-icon-border-double.dt-icon-hover-border-on:after {\n  border-style: double;\n}\n.icon-with-text-shortcode.icon-text-id-f58ca95d28a5d76c46ce40416a0a2c8c .text-icon.dt-icon-hover-on:hover {\n  font-size: 32px;\n}\n#page .icon-with-text-shortcode.icon-text-id-f58ca95d28a5d76c46ce40416a0a2c8c .text-icon.dt-icon-hover-on:hover .soc-font-icon,\n#phantom .icon-with-text-shortcode.icon-text-id-f58ca95d28a5d76c46ce40416a0a2c8c .text-icon.dt-icon-hover-on:hover .soc-font-icon,\n#page .icon-with-text-shortcode.icon-text-id-f58ca95d28a5d76c46ce40416a0a2c8c .text-icon.dt-icon-hover-on:hover .soc-icon,\n#phantom .icon-with-text-shortcode.icon-text-id-f58ca95d28a5d76c46ce40416a0a2c8c .text-icon.dt-icon-hover-on:hover .soc-icon {\n  color: #fff;\n  background: none;\n}\n#page .icon-with-text-shortcode.icon-text-id-f58ca95d28a5d76c46ce40416a0a2c8c .text-icon.dt-icon-hover-on:not(:hover) .soc-font-icon,\n#phantom .icon-with-text-shortcode.icon-text-id-f58ca95d28a5d76c46ce40416a0a2c8c .text-icon.dt-icon-hover-on:not(:hover) .soc-font-icon,\n#page .icon-with-text-shortcode.icon-text-id-f58ca95d28a5d76c46ce40416a0a2c8c .text-icon.dt-icon-hover-on:not(:hover) .soc-icon,\n#phantom .icon-with-text-shortcode.icon-text-id-f58ca95d28a5d76c46ce40416a0a2c8c .text-icon.dt-icon-hover-on:not(:hover) .soc-icon,\n#page .icon-with-text-shortcode.icon-text-id-f58ca95d28a5d76c46ce40416a0a2c8c .text-icon.dt-icon-hover-off .soc-font-icon,\n#phantom .icon-with-text-shortcode.icon-text-id-f58ca95d28a5d76c46ce40416a0a2c8c .text-icon.dt-icon-hover-off .soc-font-icon,\n#page .icon-with-text-shortcode.icon-text-id-f58ca95d28a5d76c46ce40416a0a2c8c .text-icon.dt-icon-hover-off .soc-icon,\n#phantom .icon-with-text-shortcode.icon-text-id-f58ca95d28a5d76c46ce40416a0a2c8c .text-icon.dt-icon-hover-off .soc-icon {\n  color: #fff;\n  background: none;\n}\n.icon-with-text-shortcode.icon-text-id-f58ca95d28a5d76c46ce40416a0a2c8c.layout-1 {\n  grid-template-columns: 60px minmax(0,1fr);\n  grid-column-gap: 0px;\n}\n.icon-with-text-shortcode.icon-text-id-f58ca95d28a5d76c46ce40416a0a2c8c.layout-2 {\n  grid-template-columns: minmax(0,1fr) 60px;\n  grid-column-gap: 0px;\n}\n.icon-with-text-shortcode.icon-text-id-f58ca95d28a5d76c46ce40416a0a2c8c.layout-2 .text-icon {\n  margin-left: 0;\n}\n.icon-with-text-shortcode.icon-text-id-f58ca95d28a5d76c46ce40416a0a2c8c.layout-3 {\n  grid-template-columns: 60px minmax(0,1fr);\n}\n.icon-with-text-shortcode.icon-text-id-f58ca95d28a5d76c46ce40416a0a2c8c.layout-3 .dt-text-title {\n  margin-left: 0px;\n}\n.icon-with-text-shortcode.icon-text-id-f58ca95d28a5d76c46ce40416a0a2c8c .dt-text-title,\n.icon-with-text-shortcode.icon-text-id-f58ca95d28a5d76c46ce40416a0a2c8c .dt-text-title a {\n  font-size: 16px;\n  font-weight: bold;\n}\n.icon-with-text-shortcode.icon-text-id-f58ca95d28a5d76c46ce40416a0a2c8c .dt-text-title {\n  margin-bottom: 10px;\n}\n.icon-with-text-shortcode.icon-text-id-f58ca95d28a5d76c46ce40416a0a2c8c .dt-text-desc {\n  margin-bottom: 0px;\n}\n<\/style><div class=\"icon-with-text-shortcode  icon-text-id-f58ca95d28a5d76c46ce40416a0a2c8c layout-4  vc_custom_1753767649157 \" ><h4 class=\"dt-text-title anchor-link\"><a class=\"anchor-link\"  href=\"https:\/\/spitalturda.ro\/wp-content\/uploads\/2025\/07\/anexa-6-Reclamatie-informatii-interes-public-raspuns-tardiv.docx\" target=\"_blank\" rel=\"nofollow\">Reclama\u021bie informa\u021bii interes public r\u0103spuns tardiv<\/a><\/h4><a href=\"https:\/\/spitalturda.ro\/wp-content\/uploads\/2025\/07\/anexa-6-Reclamatie-informatii-interes-public-raspuns-tardiv.docx\" class=\"anchor-link  default-btn-shortcode dt-btn dt-btn-m link-hover-off\" target=\"_blank\" rel=\"noopener\"><i class=\"Defaults-download\"><\/i><span>Descarc\u0103<\/span><\/a><\/div>[\/vc_column][\/vc_row][\/vc_section]<\/p>\n<\/div>","protected":false},"excerpt":{"rendered":"<p>[vc_section][vc_row][vc_column][\/vc_column][\/vc_row][vc_row][vc_column width=&#8221;1\/2&#8243;][\/vc_column][vc_column width=&#8221;1\/2&#8243;][\/vc_column][\/vc_row][\/vc_section]<\/p>\n","protected":false},"author":2,"featured_media":0,"parent":0,"menu_order":0,"comment_status":"closed","ping_status":"open","template":"","meta":{"footnotes":""},"class_list":["post-11728","page","type-page","status-publish","hentry","description-off"],"_links":{"self":[{"href":"https:\/\/spitalturda.ro\/index.php\/wp-json\/wp\/v2\/pages\/11728","targetHints":{"allow":["GET"]}}],"collection":[{"href":"https:\/\/spitalturda.ro\/index.php\/wp-json\/wp\/v2\/pages"}],"about":[{"href":"https:\/\/spitalturda.ro\/index.php\/wp-json\/wp\/v2\/types\/page"}],"author":[{"embeddable":true,"href":"https:\/\/spitalturda.ro\/index.php\/wp-json\/wp\/v2\/users\/2"}],"replies":[{"embeddable":true,"href":"https:\/\/spitalturda.ro\/index.php\/wp-json\/wp\/v2\/comments?post=11728"}],"version-history":[{"count":1,"href":"https:\/\/spitalturda.ro\/index.php\/wp-json\/wp\/v2\/pages\/11728\/revisions"}],"predecessor-version":[{"id":11729,"href":"https:\/\/spitalturda.ro\/index.php\/wp-json\/wp\/v2\/pages\/11728\/revisions\/11729"}],"wp:attachment":[{"href":"https:\/\/spitalturda.ro\/index.php\/wp-json\/wp\/v2\/media?parent=11728"}],"curies":[{"name":"wp","href":"https:\/\/api.w.org\/{rel}","templated":true}]}}