{"id":10,"date":"2021-09-04T20:32:55","date_gmt":"2021-09-04T20:32:55","guid":{"rendered":"https:\/\/new.spitalturda.ro\/?page_id=10"},"modified":"2025-07-29T06:35:04","modified_gmt":"2025-07-29T06:35:04","slug":"despre-institutie","status":"publish","type":"page","link":"https:\/\/spitalturda.ro\/index.php\/despre-institutie\/","title":{"rendered":"Despre institu\u021bie"},"content":{"rendered":"<div class=\"wpb-content-wrapper\"><p>[vc_row][vc_column]<div id=\"ultimate-heading-177869fb1ae6d7a59\" class=\"uvc-heading ult-adjust-bottom-margin ultimate-heading-177869fb1ae6d7a59 uvc-6231 \" data-hspacer=\"no_spacer\"  data-halign=\"left\" style=\"text-align:left\"><div class=\"uvc-heading-spacer no_spacer\" style=\"top\"><\/div><div class=\"uvc-main-heading ult-responsive\"  data-ultimate-target='.uvc-heading.ultimate-heading-177869fb1ae6d7a59 h2'  data-responsive-json-new='{\"font-size\":\"desktop:24px;\",\"line-height\":\"\"}' ><h2 style=\"font-family:&#039;Roboto Condensed&#039;;font-weight:700;\">Identificarea organiza\u021biei<\/h2><\/div><\/div>[vc_column_text]Denumirea organizatiei:\u00a0 SPITALUL MUNICIPAL TURDA<br \/>\nSediul : JUDETUL CLUJ, MUNICIPIUL TURDA, STRADA ANDREI MURESANU 12-16<\/p>\n<p>Telefon \/ Fax : 004 0264 311 578<\/p>\n<p>SPITALUL MUNICIPAL TURDA este o institutie sanitara de stat cu personalitate juridica, subordonata Consiliului Local al Municipiului Turda , infiintat cu scopul asigurarii de servicii medicale de specialitate. Spitalul are in structura sa sectii si compartimente distincte pentru tratamentul si ingrijirea bolnavilor cu afectiuni acute si afectiuni cronice. Sectiile pot functiona in regim de spitalizare continua sau de zi.<\/p>\n<p>Finantarea SMT se asigura din veniturile realizate in raport cu serviciile medicale furnizate pe baza contractelor incheiate cu Casa Nationala de Asigurari de Sanatate, de la bugetul de stat, bugetele locale, cercetare, din asocieri investitionale in profil medical sau medico-social, din donatii si sponsorizari, precum si din veniturile obtinute de la persoane fizice si juridice, in conditiile legii.[\/vc_column_text]<div id=\"ultimate-heading-299169fb1ae6d7aea\" class=\"uvc-heading ult-adjust-bottom-margin ultimate-heading-299169fb1ae6d7aea uvc-6792 \" data-hspacer=\"no_spacer\"  data-halign=\"left\" style=\"text-align:left\"><div class=\"uvc-heading-spacer no_spacer\" style=\"top\"><\/div><div class=\"uvc-main-heading ult-responsive\"  data-ultimate-target='.uvc-heading.ultimate-heading-299169fb1ae6d7aea h2'  data-responsive-json-new='{\"font-size\":\"desktop:24px;\",\"line-height\":\"\"}' ><h2 style=\"font-family:&#039;Roboto Condensed&#039;;font-weight:700;\">Istoric<\/h2><\/div><\/div>[vc_column_text]SPITALUL MUNICIPAL TURDA- a luat fiin\u0163\u0103 \u00een anul 1845.[\/vc_column_text]<style type=\"text\/css\" data-type=\"the7_shortcodes-inline-css\">.icon-with-text-shortcode.icon-text-id-ce864854822fa25d1cae041908f77d1f .text-icon {\n  width: 60px;\n  height: 60px;\n  line-height: 60px;\n  font-size: 32px;\n  border-radius: 200px;\n  margin: 0px 0px 0px 0px;\n}\n.icon-with-text-shortcode.icon-text-id-ce864854822fa25d1cae041908f77d1f .text-icon .icon-inner {\n  min-width: 60px;\n  min-height: 60px;\n  border-radius: 200px;\n}\n@media all and (-ms-high-contrast: none) {\n  .icon-with-text-shortcode.icon-text-id-ce864854822fa25d1cae041908f77d1f .text-icon .icon-inner {\n    height: 60px;\n  }\n}\n.icon-with-text-shortcode.icon-text-id-ce864854822fa25d1cae041908f77d1f .text-icon .dt-hover-icon {\n  line-height: 60px;\n}\n.icon-with-text-shortcode.icon-text-id-ce864854822fa25d1cae041908f77d1f .text-icon:before,\n.icon-with-text-shortcode.icon-text-id-ce864854822fa25d1cae041908f77d1f .text-icon:after,\n.icon-with-text-shortcode.icon-text-id-ce864854822fa25d1cae041908f77d1f .text-icon .icon-inner:before,\n.icon-with-text-shortcode.icon-text-id-ce864854822fa25d1cae041908f77d1f .text-icon .icon-inner:after {\n  min-width: 100%;\n  min-height: 100%;\n  padding: inherit;\n  border-radius: inherit;\n}\n.icon-with-text-shortcode.icon-text-id-ce864854822fa25d1cae041908f77d1f .text-icon.dt-icon-border-on:before {\n  border-width: 2px;\n  border-style: solid;\n}\n.dt-icon-border-dashed.icon-with-text-shortcode.icon-text-id-ce864854822fa25d1cae041908f77d1f .text-icon.dt-icon-border-on:before {\n  border-style: dashed;\n}\n.dt-icon-border-dotted.icon-with-text-shortcode.icon-text-id-ce864854822fa25d1cae041908f77d1f .text-icon.dt-icon-border-on:before {\n  border-style: dotted;\n}\n.dt-icon-border-double.icon-with-text-shortcode.icon-text-id-ce864854822fa25d1cae041908f77d1f .text-icon.dt-icon-border-on:before {\n  border-style: double;\n}\n.icon-with-text-shortcode.icon-text-id-ce864854822fa25d1cae041908f77d1f .text-icon.dt-icon-border-dashed.dt-icon-border-on:before {\n  border-style: dashed;\n}\n.icon-with-text-shortcode.icon-text-id-ce864854822fa25d1cae041908f77d1f .text-icon.dt-icon-border-dotted.dt-icon-border-on:before {\n  border-style: dotted;\n}\n.icon-with-text-shortcode.icon-text-id-ce864854822fa25d1cae041908f77d1f .text-icon.dt-icon-border-double.dt-icon-border-on:before {\n  border-style: double;\n}\n.icon-with-text-shortcode.icon-text-id-ce864854822fa25d1cae041908f77d1f .text-icon.dt-icon-hover-border-on:after {\n  border-width: 2px;\n  border-style: solid;\n}\n.icon-with-text-shortcode.icon-text-id-ce864854822fa25d1cae041908f77d1f .text-icon.dt-icon-border-dashed.dt-icon-hover-border-on:after {\n  border-style: dashed;\n}\n.icon-with-text-shortcode.icon-text-id-ce864854822fa25d1cae041908f77d1f .text-icon.dt-icon-border-dotted.dt-icon-hover-border-on:after {\n  border-style: dotted;\n}\n.icon-with-text-shortcode.icon-text-id-ce864854822fa25d1cae041908f77d1f .text-icon.dt-icon-border-double.dt-icon-hover-border-on:after {\n  border-style: double;\n}\n.icon-with-text-shortcode.icon-text-id-ce864854822fa25d1cae041908f77d1f .text-icon.dt-icon-hover-on:hover {\n  font-size: 32px;\n}\n#page .icon-with-text-shortcode.icon-text-id-ce864854822fa25d1cae041908f77d1f .text-icon.dt-icon-hover-on:hover .soc-font-icon,\n#phantom .icon-with-text-shortcode.icon-text-id-ce864854822fa25d1cae041908f77d1f .text-icon.dt-icon-hover-on:hover .soc-font-icon,\n#page .icon-with-text-shortcode.icon-text-id-ce864854822fa25d1cae041908f77d1f .text-icon.dt-icon-hover-on:hover .soc-icon,\n#phantom .icon-with-text-shortcode.icon-text-id-ce864854822fa25d1cae041908f77d1f .text-icon.dt-icon-hover-on:hover .soc-icon {\n  color: #fff;\n  background: none;\n}\n#page .icon-with-text-shortcode.icon-text-id-ce864854822fa25d1cae041908f77d1f .text-icon.dt-icon-hover-on:not(:hover) .soc-font-icon,\n#phantom .icon-with-text-shortcode.icon-text-id-ce864854822fa25d1cae041908f77d1f .text-icon.dt-icon-hover-on:not(:hover) .soc-font-icon,\n#page .icon-with-text-shortcode.icon-text-id-ce864854822fa25d1cae041908f77d1f .text-icon.dt-icon-hover-on:not(:hover) .soc-icon,\n#phantom .icon-with-text-shortcode.icon-text-id-ce864854822fa25d1cae041908f77d1f .text-icon.dt-icon-hover-on:not(:hover) .soc-icon,\n#page .icon-with-text-shortcode.icon-text-id-ce864854822fa25d1cae041908f77d1f .text-icon.dt-icon-hover-off .soc-font-icon,\n#phantom .icon-with-text-shortcode.icon-text-id-ce864854822fa25d1cae041908f77d1f .text-icon.dt-icon-hover-off .soc-font-icon,\n#page .icon-with-text-shortcode.icon-text-id-ce864854822fa25d1cae041908f77d1f .text-icon.dt-icon-hover-off .soc-icon,\n#phantom .icon-with-text-shortcode.icon-text-id-ce864854822fa25d1cae041908f77d1f .text-icon.dt-icon-hover-off .soc-icon {\n  color: #fff;\n  background: none;\n}\n.icon-with-text-shortcode.icon-text-id-ce864854822fa25d1cae041908f77d1f.layout-1 {\n  grid-template-columns: 60px minmax(0,1fr);\n  grid-column-gap: 0px;\n}\n.icon-with-text-shortcode.icon-text-id-ce864854822fa25d1cae041908f77d1f.layout-2 {\n  grid-template-columns: minmax(0,1fr) 60px;\n  grid-column-gap: 0px;\n}\n.icon-with-text-shortcode.icon-text-id-ce864854822fa25d1cae041908f77d1f.layout-2 .text-icon {\n  margin-left: 0;\n}\n.icon-with-text-shortcode.icon-text-id-ce864854822fa25d1cae041908f77d1f.layout-3 {\n  grid-template-columns: 60px minmax(0,1fr);\n}\n.icon-with-text-shortcode.icon-text-id-ce864854822fa25d1cae041908f77d1f.layout-3 .dt-text-title {\n  margin-left: 0px;\n}\n.icon-with-text-shortcode.icon-text-id-ce864854822fa25d1cae041908f77d1f .dt-text-title,\n.icon-with-text-shortcode.icon-text-id-ce864854822fa25d1cae041908f77d1f .dt-text-title a {\n  font-size: 16px;\n  font-weight: bold;\n}\n.icon-with-text-shortcode.icon-text-id-ce864854822fa25d1cae041908f77d1f .dt-text-title {\n  margin-bottom: 10px;\n}\n.icon-with-text-shortcode.icon-text-id-ce864854822fa25d1cae041908f77d1f .dt-text-desc {\n  margin-bottom: 0px;\n}\n<\/style><div class=\"icon-with-text-shortcode  icon-text-id-ce864854822fa25d1cae041908f77d1f layout-2  vc_custom_1753770883418 \" ><h4 class=\"dt-text-title anchor-link\"><a class=\"anchor-link\"  href=\"https:\/\/spitalturda.ro\/wp-content\/uploads\/2025\/07\/act-infiintare-spital.pdf\" target=\"_blank\" rel=\"nofollow\">Act infiintare spital<\/a><\/h4><a href=\"https:\/\/spitalturda.ro\/wp-content\/uploads\/2025\/07\/act-infiintare-spital.pdf\" class=\"anchor-link  default-btn-shortcode dt-btn dt-btn-m link-hover-off\" target=\"_blank\" rel=\"noopener\"><i class=\"Defaults-download\"><\/i><span>Descarc\u0103<\/span><\/a><\/div>[vc_row_inner][vc_column_inner][\/vc_column_inner][\/vc_row_inner]<div id=\"ultimate-heading-952969fb1ae6d7cfb\" class=\"uvc-heading ult-adjust-bottom-margin ultimate-heading-952969fb1ae6d7cfb uvc-9449 \" data-hspacer=\"no_spacer\"  data-halign=\"left\" style=\"text-align:left\"><div class=\"uvc-heading-spacer no_spacer\" style=\"top\"><\/div><div class=\"uvc-main-heading ult-responsive\"  data-ultimate-target='.uvc-heading.ultimate-heading-952969fb1ae6d7cfb h2'  data-responsive-json-new='{\"font-size\":\"desktop:24px;\",\"line-height\":\"\"}' ><h2 style=\"font-family:&#039;Roboto Condensed&#039;;font-weight:700;\">Descrierea serviciilor medicale spitalicesti<\/h2><\/div><\/div>[vc_column_text]<strong>Principalele servicii medicale asigurate de spital sunt:<\/strong><\/p>\n<p>\u2022 Consulta\u021bii \u00een sistem de urgen\u021b\u0103 \u0219i \u00een sistem ambulator<br \/>\n\u2022 Investiga\u021bii paraclinice \u0219i de laborator<br \/>\n\u2022 Stabilirea diagnosticului<br \/>\n\u2022 Tratamente medicale, chirurgicale \u0219i fizice recuperatorii<br \/>\n\u2022 \u00cengrijire, cazare \u0219i mas\u0103<br \/>\n\u2022 Cercetare \u0219tiin\u021bifica \u00een domeniul medical<\/p>\n<p>Serviciile medicale spitalicesti se acorda asiguratilor pe baza recomandarii de internare din partea medicului de familie acreditat sau a medicului de specialitate din ambulatoriu.[\/vc_column_text]<div id=\"ultimate-heading-548369fb1ae6d7d74\" class=\"uvc-heading ult-adjust-bottom-margin ultimate-heading-548369fb1ae6d7d74 uvc-4520 \" data-hspacer=\"no_spacer\"  data-halign=\"left\" style=\"text-align:left\"><div class=\"uvc-heading-spacer no_spacer\" style=\"top\"><\/div><div class=\"uvc-main-heading ult-responsive\"  data-ultimate-target='.uvc-heading.ultimate-heading-548369fb1ae6d7d74 h2'  data-responsive-json-new='{\"font-size\":\"desktop:24px;\",\"line-height\":\"\"}' ><h2 style=\"font-family:&#039;Roboto Condensed&#039;;font-weight:700;\">DECLARATIA MANAGERULUI \u201cSPITALULUI MUNICIPAL TURDA\u201d PRIVIND POLITICA IN DOMENIUL CALITATII<\/h2><\/div><\/div>[vc_column_text]<strong><u>Viziunea<\/u><\/strong><u>\u00a0<\/u>conducerii Spitalului Municipal Turda in domeniul calitatii este de a dobandi si mentine un nivel de incredere ridicat al spitalului prin calitate, grija fata de pacient si pentru fiecare \u00a0angajat al unitatii noastre.<\/p>\n<p>Calitatea serviciilor noastre medicale trebuie sa constituie o obligatie pentru toti angajatii, si o recomandare pentru pacientii nostri!<\/p>\n<p><strong><u>Misiunea<\/u><\/strong><strong><u>\u00a0<\/u><\/strong>spitalului nostru este de a fi\u00a0permanent un spital\u00a0orientat catre necesitatile actuale si asteptarile viitoare ale comunitatii pe care o deservim si de a furniza pacientilor servicii medicale integrate si aliniate in\u00a0 principal \u201cEvolutiei permanente a tuturor factorilor din sistem\u201d.<\/p>\n<p>Prin aceasta declaratie de\u00a0<em><u>politica<\/u><\/em>\u00a0ma angajez sa :<\/p>\n<ul>\n<li>comunic angajatilor orientarea catre pacienti si a importantei respectarii cerintelor legale si de reglementare;<\/li>\n<li>sa stabilesc politica si sa asigur stabilirea obiectivelor calitatii;<\/li>\n<li>sa conduc analizele managementului;<\/li>\n<li>sa asigur disponibilitatea resurselor;<\/li>\n<li>sa satisfac cerintele tuturor partilor interesate, incepand cu pacientul si sa imbunatatesc continuu eficacitatea sistemului de management al calitatii.<\/li>\n<li>dezvoltarea infrastructurii si a domeniului medical<\/li>\n<li>evaluarea periodica a cererii comunitatii pentru necesitatea de servicii medicale si dezvoltarea acestora;<\/li>\n<\/ul>\n<p>Sistemul implementat este stabilit in conformitate cu cerintele\u00a0<strong><em>SR EN ISO 9001:2015<\/em><\/strong><em>\u2013 Sisteme de management ale calitatii.<\/em><\/p>\n<p>La proiectarea sistemului s-a tinut cont si de cerintele Ordinului 400\/2015 privind standardele de calitate, Ordinul 200\/2016 privind modificarea ordinului 400\/2015 pentru aprobarea controlului intern managerial al entitatilor publice. Linii directoare pentru \u00eembun\u0103t\u0103\u0163iri de proces \u00een organiza\u0163iile de servicii de s\u0103n\u0103tate<em>.\u00a0\u00a0\u00a0\u00a0\u00a0\u00a0\u00a0\u00a0\u00a0\u00a0\u00a0\u00a0\u00a0\u00a0\u00a0\u00a0\u00a0\u00a0<\/em><\/p>\n<p>Acesta declaratie este disponibila pentru pacientii nostri si este comunicata tuturor angajatilor\u00a0 spitalului, colaboratorilor, altor parti interesate si va fi analizata periodic pentru adecvarea ei continua.<\/p>\n<p>Pentru ca spitalul nostru sa devina performant pe termen lung am luat in considerare urmatoarele<\/p>\n<p><strong><u>Obiective generale<\/u><\/strong>\u00a0pentru partile interesate:<\/p>\n<p><strong>Pacientii:<br \/>\n<\/strong>Orientarea catre pacienti prin cresterea increderii in serviciile noastre medicale,\u00a0 precum si prin dezvoltarea permanenta a gamei de servicii.<\/p>\n<p><strong>Angajatii:<br \/>\n<\/strong>Demonstrarea calitatii serviciilor personalului nostru prin angajamentul sau, prin cresterea gradului de\u00a0 integritate\u00a0 profesionala, a competentei, instruirii si experientei.<\/p>\n<p><strong>Comunitatea:<br \/>\n<\/strong>Asigurarea cu consecventa a unui dialog deschis si pragmatic cu reprezentantii comunitatii,\u00a0munca de prevenire prin educatie sanitara.[\/vc_column_text][\/vc_column][\/vc_row]<\/p>\n<\/div>","protected":false},"excerpt":{"rendered":"<p>[vc_row][vc_column][vc_column_text]Denumirea organizatiei:\u00a0 SPITALUL MUNICIPAL TURDA Sediul : JUDETUL CLUJ, MUNICIPIUL TURDA, STRADA ANDREI MURESANU 12-16 Telefon \/ Fax : 004 0264 311 578 SPITALUL MUNICIPAL TURDA este o institutie sanitara de stat cu personalitate juridica, subordonata Consiliului Local al Municipiului Turda , infiintat cu scopul asigurarii de servicii medicale de specialitate. Spitalul are in structura&hellip;<\/p>\n","protected":false},"author":2,"featured_media":0,"parent":0,"menu_order":0,"comment_status":"closed","ping_status":"open","template":"","meta":{"footnotes":""},"class_list":["post-10","page","type-page","status-publish","hentry","description-off"],"_links":{"self":[{"href":"https:\/\/spitalturda.ro\/index.php\/wp-json\/wp\/v2\/pages\/10","targetHints":{"allow":["GET"]}}],"collection":[{"href":"https:\/\/spitalturda.ro\/index.php\/wp-json\/wp\/v2\/pages"}],"about":[{"href":"https:\/\/spitalturda.ro\/index.php\/wp-json\/wp\/v2\/types\/page"}],"author":[{"embeddable":true,"href":"https:\/\/spitalturda.ro\/index.php\/wp-json\/wp\/v2\/users\/2"}],"replies":[{"embeddable":true,"href":"https:\/\/spitalturda.ro\/index.php\/wp-json\/wp\/v2\/comments?post=10"}],"version-history":[{"count":13,"href":"https:\/\/spitalturda.ro\/index.php\/wp-json\/wp\/v2\/pages\/10\/revisions"}],"predecessor-version":[{"id":11736,"href":"https:\/\/spitalturda.ro\/index.php\/wp-json\/wp\/v2\/pages\/10\/revisions\/11736"}],"wp:attachment":[{"href":"https:\/\/spitalturda.ro\/index.php\/wp-json\/wp\/v2\/media?parent=10"}],"curies":[{"name":"wp","href":"https:\/\/api.w.org\/{rel}","templated":true}]}}